{"id":3346,"date":"2022-07-17T12:03:42","date_gmt":"2022-07-17T12:03:42","guid":{"rendered":"https:\/\/mgagroup.bg\/blog\/"},"modified":"2023-10-18T13:57:29","modified_gmt":"2023-10-18T13:57:29","slug":"blog","status":"publish","type":"page","link":"https:\/\/mgagroup.bg\/de\/blog\/","title":{"rendered":"Was ist neu bei MGA"},"content":{"rendered":"<section class=\"mga_top_bread\">\n\t<div class=\"holdd\">\n\t\t\t\t\t<img decoding=\"async\" class=\"image\" src=\"https:\/\/mgagroup.bg\/wp-content\/uploads\/2023\/04\/footer-bg.jpg\" alt=\"Was ist neu bei MGA - Investment Company\" \/>\n\t\t\n\t\t<div class=\"shell\">\n\t\t\t<a href=\"https:\/\/mgagroup.bg\/de\" class=\"back\">\t<svg xmlns=\"http:\/\/www.w3.org\/2000\/svg\" class=\"i i-arrow-2 class\">\n\t    <use xlink:href=\"https:\/\/mgagroup.bg\/wp-content\/themes\/mga\/images\/sprite.svg#arrow-2\"><\/use>\n\t<\/svg>\n\tZur\u00fcck nach Hause<\/a>\n\n\t\t\t<div class=\"top_bread__t\">\n\t\t\t\t<h2>MGA Group<\/h2>\n\n\t\t\t\t<h1>Was ist neu bei MGA<\/h1>\n\n\t\t\t\t<ul class=\"breadcrumb breadcrumb__2\">\n\t\t\t\t\t<li>\n\t\t\t\t\t\t<a href=\"https:\/\/mgagroup.bg\/\">MGA Group<\/a>\n\t\t\t\t\t<\/li>\n\n\t\t\t\t\t<li>\n\t\t\t\t\t\tWas ist neu bei MGA\t\t\t\t\t<\/li>\n\t\t\t\t<\/ul><!-- \/.breadcrumb -->\n\t\t\t<\/div><!-- \/.top_bread__t -->\n\t\t<\/div><!-- \/.shell -->\n\t<\/div><!-- \/.holdd -->\n<\/section><!-- \/.mga_top_bread -->\n\n<section class=\"mga_blog\">\n\t<div class=\"shell\">\n\t\t<h2 class=\"tt\"><\/h2>\n\t\t\n\t\t<div class=\"grid\">\n\t\t\t\n\t\t\t    \n<div class=\"mga_blog_post\">\n\t\t\t<a href=\"https:\/\/mgagroup.bg\/de\/erster-spatenstich-fuer-das-wohngebaeude-saint-nicola-baubeginn-in-varna\/\">\n\t\t\t<img decoding=\"async\" src=\"https:\/\/mgagroup.bg\/wp-content\/uploads\/2026\/03\/saint-nikola-2.jpeg\" alt=\"Erster Spatenstich f\u00fcr das Wohngeb\u00e4ude Saint Nicola \u2013 Baubeginn in Varna\" \/>\n\t\t<\/a>\n\t\n\t<div>\n\t\t<h2>\n\t\t\t<a href=\"https:\/\/mgagroup.bg\/de\/erster-spatenstich-fuer-das-wohngebaeude-saint-nicola-baubeginn-in-varna\/\">\n\t\t\t\tErster Spatenstich f\u00fcr das Wohngeb\u00e4ude Saint Nicola \u2013 Baubeginn in Varna\t\t\t<\/a>\n\t\t<\/h2>\n\n\t\t<p>\n\t\t\tAm 09.03 wurde der offizielle Start des neuen Projekts St Nicola mit einer feierlichen Spatenstich-Zeremonie&#8230; \n\t\t<\/p>\n\n\t\t<span>12 M\u00e4rz 2026<\/span>\n\t<\/div>\n<\/div><!-- \/.mga_blog_post -->\t\t\t  \n\t\t\t\n\t\t\t    \n<div class=\"mga_blog_post\">\n\t\t\t<a href=\"https:\/\/mgagroup.bg\/de\/mga-group-unterstuetzt-den-pfc-cherno-more\/\">\n\t\t\t<img decoding=\"async\" src=\"https:\/\/mgagroup.bg\/wp-content\/uploads\/2026\/01\/cherno_more_best_frame.jpg\" alt=\"MGA Group \u2013 unterst\u00fctzt den PFC Cherno More\" \/>\n\t\t<\/a>\n\t\n\t<div>\n\t\t<h2>\n\t\t\t<a href=\"https:\/\/mgagroup.bg\/de\/mga-group-unterstuetzt-den-pfc-cherno-more\/\">\n\t\t\t\tMGA Group \u2013 unterst\u00fctzt den PFC Cherno More\t\t\t<\/a>\n\t\t<\/h2>\n\n\t\t<p>\n\t\t\tDie MGA Group steht hinter dem Sport \u2014 etwas, das Menschen vereint, Charakter formt und&#8230; \n\t\t<\/p>\n\n\t\t<span>26 Januar 2026<\/span>\n\t<\/div>\n<\/div><!-- \/.mga_blog_post -->\t\t\t  \n\t\t\t\n\t\t\t    \n<div class=\"mga_blog_post\">\n\t\t\t<a href=\"https:\/\/mgagroup.bg\/de\/mga-group-unterstutzt-den-segelsport\/\">\n\t\t\t<img decoding=\"async\" src=\"https:\/\/mgagroup.bg\/wp-content\/uploads\/2025\/09\/mga-regata-cup-1.jpeg\" alt=\"MGA Group unterst\u00fctzt den Segelsport in Varna: eine dreij\u00e4hrige Champion-Initiative\" \/>\n\t\t<\/a>\n\t\n\t<div>\n\t\t<h2>\n\t\t\t<a href=\"https:\/\/mgagroup.bg\/de\/mga-group-unterstutzt-den-segelsport\/\">\n\t\t\t\tMGA Group unterst\u00fctzt den Segelsport in Varna: eine dreij\u00e4hrige Champion-Initiative\t\t\t<\/a>\n\t\t<\/h2>\n\n\t\t<p>\n\t\t\tWind, Meer und sportlicher Geist \u2013 das sind die drei Elemente, die MGA Group mit&#8230; \n\t\t<\/p>\n\n\t\t<span>26 September 2025<\/span>\n\t<\/div>\n<\/div><!-- \/.mga_blog_post -->\t\t\t  \n\t\t\t\n\t\t\t    \n<div class=\"mga_blog_post\">\n\t\t\t<a href=\"https:\/\/mgagroup.bg\/de\/spatenstich-fur-v-park-2\/\">\n\t\t\t<img decoding=\"async\" src=\"https:\/\/mgagroup.bg\/wp-content\/uploads\/2025\/03\/purva-kopka-v-park-2-scaled.jpg\" alt=\"Spatenstich f\u00fcr V Park 2\" \/>\n\t\t<\/a>\n\t\n\t<div>\n\t\t<h2>\n\t\t\t<a href=\"https:\/\/mgagroup.bg\/de\/spatenstich-fur-v-park-2\/\">\n\t\t\t\tSpatenstich f\u00fcr V Park 2\t\t\t<\/a>\n\t\t<\/h2>\n\n\t\t<p>\n\t\t\tMit einer feierlichen Zeremonie haben wir den Baubeginn von V Park 2 eingel\u00e4utet \u2013 einem&#8230; \n\t\t<\/p>\n\n\t\t<span>27 M\u00e4rz 2025<\/span>\n\t<\/div>\n<\/div><!-- \/.mga_blog_post -->\t\t\t  \n\t\t\t\n\t\t\t    \n<div class=\"mga_blog_post\">\n\t\t\t<a href=\"https:\/\/mgagroup.bg\/de\/mga-home-design\/\">\n\t\t\t<img decoding=\"async\" src=\"https:\/\/mgagroup.bg\/wp-content\/uploads\/2024\/12\/mga-home-design-19.jpeg\" alt=\"MGA Home Design: Lebensraum neu gestaltet\" \/>\n\t\t<\/a>\n\t\n\t<div>\n\t\t<h2>\n\t\t\t<a href=\"https:\/\/mgagroup.bg\/de\/mga-home-design\/\">\n\t\t\t\tMGA Home Design: Lebensraum neu gestaltet\t\t\t<\/a>\n\t\t<\/h2>\n\n\t\t<p>\n\t\t\tVon der Idee zum perfekten Zuhause Bei MGA Home Design glauben wir, dass die Schaffung&#8230; \n\t\t<\/p>\n\n\t\t<span>19 Dezember 2024<\/span>\n\t<\/div>\n<\/div><!-- \/.mga_blog_post -->\t\t\t  \n\t\t\t\n\t\t\t    \n<div class=\"mga_blog_post\">\n\t\t\t<a href=\"https:\/\/mgagroup.bg\/de\/fortschritt-beim-bau-des-gebaeudes-medica\/\">\n\t\t\t<img decoding=\"async\" src=\"https:\/\/mgagroup.bg\/wp-content\/uploads\/2023\/04\/mga-medica-napredak-v-stroeja-2.jpg\" alt=\"Fortschritt beim Bau des Geb\u00e4udes Medica\" \/>\n\t\t<\/a>\n\t\n\t<div>\n\t\t<h2>\n\t\t\t<a href=\"https:\/\/mgagroup.bg\/de\/fortschritt-beim-bau-des-gebaeudes-medica\/\">\n\t\t\t\tFortschritt beim Bau des Geb\u00e4udes Medica\t\t\t<\/a>\n\t\t<\/h2>\n\n\t\t<p>\n\t\t\tWir freuen uns, den erheblichen Fortschritt beim Bau des Medica-Geb\u00e4udes in der Friedensstra\u00dfe westlich des&#8230; \n\t\t<\/p>\n\n\t\t<span>16 Juli 2024<\/span>\n\t<\/div>\n<\/div><!-- \/.mga_blog_post -->\t\t\t  \n\t\t\t\n\t\t\t    \n<div class=\"mga_blog_post\">\n\t\t\t<a href=\"https:\/\/mgagroup.bg\/de\/fortschritt-beim-bau-des-gebaeudes-v-park-1\/\">\n\t\t\t<img decoding=\"async\" src=\"https:\/\/mgagroup.bg\/wp-content\/uploads\/2022\/07\/mga-v-park-1-napredak-v-stroeja.jpg\" alt=\"Fortschritt beim Bau des Geb\u00e4udes V Park 1\" \/>\n\t\t<\/a>\n\t\n\t<div>\n\t\t<h2>\n\t\t\t<a href=\"https:\/\/mgagroup.bg\/de\/fortschritt-beim-bau-des-gebaeudes-v-park-1\/\">\n\t\t\t\tFortschritt beim Bau des Geb\u00e4udes V Park 1\t\t\t<\/a>\n\t\t<\/h2>\n\n\t\t<p>\n\t\t\tWir freuen uns, Ihnen den erheblichen Fortschritt beim Bau des V Park 1-Geb\u00e4udes mitteilen zu&#8230; \n\t\t<\/p>\n\n\t\t<span>16 Juli 2024<\/span>\n\t<\/div>\n<\/div><!-- \/.mga_blog_post -->\t\t\t  \n\t\t\t\n\t\t\t    \n<div class=\"mga_blog_post\">\n\t\t\t<a href=\"https:\/\/mgagroup.bg\/de\/mga-group-spenden\/\">\n\t\t\t<img decoding=\"async\" src=\"https:\/\/mgagroup.bg\/wp-content\/uploads\/2024\/05\/mgagroup-donation-africa-nigeriya-4.jpeg\" alt=\"Bau und Wohlt\u00e4tigkeit ohne Grenzen\" \/>\n\t\t<\/a>\n\t\n\t<div>\n\t\t<h2>\n\t\t\t<a href=\"https:\/\/mgagroup.bg\/de\/mga-group-spenden\/\">\n\t\t\t\tBau und Wohlt\u00e4tigkeit ohne Grenzen\t\t\t<\/a>\n\t\t<\/h2>\n\n\t\t<p>\n\t\t\tIndem wir Kinder unterst\u00fctzen, ver\u00e4ndern wir die Zukunft: Die Mission von MGA f\u00fcr sauberes Wasser&#8230; \n\t\t<\/p>\n\n\t\t<span>02 Mai 2024<\/span>\n\t<\/div>\n<\/div><!-- \/.mga_blog_post -->\t\t\t  \n\t\t\t\n\t\t\t    \n<div class=\"mga_blog_post\">\n\t\t\t<a href=\"https:\/\/mgagroup.bg\/de\/erster-spatenstich-von-v-park-2\/\">\n\t\t\t<img decoding=\"async\" src=\"https:\/\/mgagroup.bg\/wp-content\/uploads\/2024\/04\/purva-kopka-video-v-park-2-2.jpeg\" alt=\"Erster Spatenstich von V Park 2\" \/>\n\t\t<\/a>\n\t\n\t<div>\n\t\t<h2>\n\t\t\t<a href=\"https:\/\/mgagroup.bg\/de\/erster-spatenstich-von-v-park-2\/\">\n\t\t\t\tErster Spatenstich von V Park 2\t\t\t<\/a>\n\t\t<\/h2>\n\n\t\t<p>\n\t\t\tEin aufregendes Ereignis markierte den Baubeginn des neuen Wohnkomplexes V Park 2, der voraussichtlich zu&#8230; \n\t\t<\/p>\n\n\t\t<span>03 April 2024<\/span>\n\t<\/div>\n<\/div><!-- \/.mga_blog_post -->\t\t\t  \n\t\t\t\n\t\t\t    \n<div class=\"mga_blog_post\">\n\t\t\t<a href=\"https:\/\/mgagroup.bg\/de\/wir-haben-gerade-die-gemeinschaftsbereiche-im-mga-palace-fertiggestellt\/\">\n\t\t\t<img decoding=\"async\" src=\"https:\/\/mgagroup.bg\/wp-content\/uploads\/2023\/04\/mga-palace-12.jpg\" alt=\"Wir haben gerade die Gemeinschaftsbereiche im MGA Palace fertiggestellt.\" \/>\n\t\t<\/a>\n\t\n\t<div>\n\t\t<h2>\n\t\t\t<a href=\"https:\/\/mgagroup.bg\/de\/wir-haben-gerade-die-gemeinschaftsbereiche-im-mga-palace-fertiggestellt\/\">\n\t\t\t\tWir haben gerade die Gemeinschaftsbereiche im MGA Palace fertiggestellt.\t\t\t<\/a>\n\t\t<\/h2>\n\n\t\t<p>\n\t\t\tErleben Sie ein ruhiges Leben, nur wenige Meter von den Top-Standorten der Stadt Varna entfernt&#8230;. \n\t\t<\/p>\n\n\t\t<span>19 Juni 2022<\/span>\n\t<\/div>\n<\/div><!-- \/.mga_blog_post -->\t\t\t  \n\t\t\t\n\t\t\t    \n<div class=\"mga_blog_post\">\n\t\t\t<a href=\"https:\/\/mgagroup.bg\/de\/bald-erhaltlich-akt-16-fur-mga-palace-diesen-november\/\">\n\t\t\t<img decoding=\"async\" src=\"https:\/\/mgagroup.bg\/wp-content\/uploads\/2023\/04\/mga-palace-7.jpeg\" alt=\"Bald erh\u00e4ltlich: Akt 16 f\u00fcr MGA Palace diesen November\" \/>\n\t\t<\/a>\n\t\n\t<div>\n\t\t<h2>\n\t\t\t<a href=\"https:\/\/mgagroup.bg\/de\/bald-erhaltlich-akt-16-fur-mga-palace-diesen-november\/\">\n\t\t\t\tBald erh\u00e4ltlich: Akt 16 f\u00fcr MGA Palace diesen November\t\t\t<\/a>\n\t\t<\/h2>\n\n\t\t<p>\n\t\t\tMit der Ausstellung dieses Dokuments wird das Geb\u00e4ude laut Gesetz als abgeschlossen und bewohnbar erkl\u00e4rt&#8230;. \n\t\t<\/p>\n\n\t\t<span>19 Juni 2022<\/span>\n\t<\/div>\n<\/div><!-- \/.mga_blog_post -->\t\t\t  \n\t\t\t\n\t\t\t    \n<div class=\"mga_blog_post\">\n\t\t\t<a href=\"https:\/\/mgagroup.bg\/de\/der-verkauf-von-mga-flora-ist-abgeschlossen-wir-haben-gerade-die-letzte-wohnung-verkauft\/\">\n\t\t\t<img decoding=\"async\" src=\"https:\/\/mgagroup.bg\/wp-content\/uploads\/2023\/05\/mga-flora-building-7-scaled-e1684420785408.jpg\" alt=\"Der Verkauf von MGA Flora ist abgeschlossen; wir haben gerade die letzte Wohnung verkauft.\" \/>\n\t\t<\/a>\n\t\n\t<div>\n\t\t<h2>\n\t\t\t<a href=\"https:\/\/mgagroup.bg\/de\/der-verkauf-von-mga-flora-ist-abgeschlossen-wir-haben-gerade-die-letzte-wohnung-verkauft\/\">\n\t\t\t\tDer Verkauf von MGA Flora ist abgeschlossen; wir haben gerade die letzte Wohnung verkauft.\t\t\t<\/a>\n\t\t<\/h2>\n\n\t\t<p>\n\t\t\tDas Wohngeb\u00e4ude MGA Medica zeichnet sich durch seine zeitgen\u00f6ssische Architektur aus, die allen Standards des&#8230; \n\t\t<\/p>\n\n\t\t<span>19 Juni 2022<\/span>\n\t<\/div>\n<\/div><!-- \/.mga_blog_post -->\t\t\t  \n\t\t\t  \n\t\t<\/div><!-- \/.grid --> \n\t<\/div><!-- \/.shell -->\n<\/section><!-- \/.mga_last_news -->\n\n\n","protected":false},"excerpt":{"rendered":"","protected":false},"author":4,"featured_media":0,"parent":0,"menu_order":0,"comment_status":"closed","ping_status":"closed","template":"","meta":{"footnotes":""},"yst_prominent_words":[],"class_list":["post-3346","page","type-page","status-publish","hentry"],"acf":[],"_links":{"self":[{"href":"https:\/\/mgagroup.bg\/de\/wp-json\/wp\/v2\/pages\/3346","targetHints":{"allow":["GET"]}}],"collection":[{"href":"https:\/\/mgagroup.bg\/de\/wp-json\/wp\/v2\/pages"}],"about":[{"href":"https:\/\/mgagroup.bg\/de\/wp-json\/wp\/v2\/types\/page"}],"author":[{"embeddable":true,"href":"https:\/\/mgagroup.bg\/de\/wp-json\/wp\/v2\/users\/4"}],"replies":[{"embeddable":true,"href":"https:\/\/mgagroup.bg\/de\/wp-json\/wp\/v2\/comments?post=3346"}],"version-history":[{"count":0,"href":"https:\/\/mgagroup.bg\/de\/wp-json\/wp\/v2\/pages\/3346\/revisions"}],"wp:attachment":[{"href":"https:\/\/mgagroup.bg\/de\/wp-json\/wp\/v2\/media?parent=3346"}],"wp:term":[{"taxonomy":"yst_prominent_words","embeddable":true,"href":"https:\/\/mgagroup.bg\/de\/wp-json\/wp\/v2\/yst_prominent_words?post=3346"}],"curies":[{"name":"wp","href":"https:\/\/api.w.org\/{rel}","templated":true}]}}