{"id":3348,"date":"2022-07-17T13:09:31","date_gmt":"2022-07-17T13:09:31","guid":{"rendered":"https:\/\/mgagroup.bg\/kontakti\/"},"modified":"2024-02-16T12:31:42","modified_gmt":"2024-02-16T12:31:42","slug":"kontakte","status":"publish","type":"page","link":"https:\/\/mgagroup.bg\/de\/kontakte\/","title":{"rendered":"Kontakte"},"content":{"rendered":"<section class=\"mga_contacts\">\n\t<div class=\"shell\">\n\t\t<a href=\"https:\/\/mgagroup.bg\/de\" class=\"back\">\t<svg xmlns=\"http:\/\/www.w3.org\/2000\/svg\" class=\"i i-arrow-2 class\">\n\t    <use xlink:href=\"https:\/\/mgagroup.bg\/wp-content\/themes\/mga\/images\/sprite.svg#arrow-2\"><\/use>\n\t<\/svg>\n\tZur\u00fcck nach Hause<\/a>\n\t<\/div><!-- \/.shell -->\n\n\t<div class=\"l\">\n\t\t<div>\n\t\t\t<span>MGA Group<\/span>\n\n\t\t\t<h1>Lassen Sie uns <span>zusammenarbeiten<\/span><\/h1>\n\n\t\t\t<ul class=\"breadcrumb\">\n\t\t\t\t<li>\n\t\t\t\t\t<a href=\"https:\/\/mgagroup.bg\/\">MGA Group<\/a>\n\t\t\t\t<\/li>\n\n\t\t\t\t<li>\n\t\t\t\t\tKontakte\t\t\t\t<\/li>\n\t\t\t<\/ul><!-- \/.breadcrumb -->\n\n\t\t\t<p>Wenn Sie Fragen haben oder zus\u00e4tzliche Informationen zu unseren Geb\u00e4uden, Wohnungen oder Dienstleistungen ben\u00f6tigen, z\u00f6gern Sie nicht, uns zu kontaktieren. Unser Team steht zur Verf\u00fcgung, um Ihnen zu helfen und Ihre Fragen zu beantworten.<\/p>\n\n\t\t\t<div class=\"details\">\n\t\t\t\t<h2>Information<\/h2>\n\n\t\t\t\t<h3>B\u00fcro der MGA Group:<\/h3>\n\n\t\t\t\t<p>Konsumstr. 4 73734 Esslingen<\/p>\n\n\t\t\t\t<a href=\"https:\/\/www.google.com\/maps\/place\/Konsumstra%C3%9Fe+4,+73734+Esslingen+am+Neckar,+%D0%93%D0%B5%D1%80%D0%BC%D0%B0%D0%BD%D0%B8%D1%8F\/@48.7190881,9.3198641,17z\/data=!3m1!4b1!4m6!3m5!1s0x4799c0e224b49473:0xfdaa3707c2fa7876!8m2!3d48.7190881!4d9.3198641!16s%2Fg%2F11bw4bg_xg?entry=ttu\">Lage<\/a>\n\n\t\t\t\t<div class=\"cont\">\n\t\t\t\t\t<div>\n\t\t\t\t\t\t<h3>Telefon:<\/h3>\n\n\t\t\t\t\t\t<a target=\"_blank\" href=\"tel:+491724464561\">+49 1724464561<\/a>\n\t\t\t\t\t<\/div>\n\n\t\t\t\t\t<div>\n\t\t\t\t\t\t<h3>Email:<\/h3>\n\n\t\t\t\t\t\t<a href=\"mailto:erdogan@mgagroup.bg\">erdogan@mgagroup.bg<\/a>\n\t\t\t\t\t<\/div>\n\t\t\t\t<\/div><!-- \/.cont -->\n\t\t\t<\/div><!-- \/.details -->\n\t\t<\/div>\n\t<\/div><!-- \/.l -->\n\n\t<div class=\"r\">\n\t\t<img decoding=\"async\" src=\"https:\/\/mgagroup.bg\/wp-content\/uploads\/2023\/04\/footer-bg.jpg\" alt=\"\" \/>\n\n\t\t<div>\n\t\t\t<span>MGA Group | Investmentgesellschaft <\/span>\n\n\t\t\t<h2>Wir sind hier, um Ihnen zu helfen. Schreiben Sie uns!<\/h2>\n\n\t\t\t<div class=\"form\">\n\t\t\t\t\t\t\t\t\t\t   \n                <div class='gf_browser_gecko gform_wrapper' id='gform_wrapper_15' ><div id='gf_15' class='gform_anchor' tabindex='-1'><\/div><form method='post' enctype='multipart\/form-data' target='gform_ajax_frame_15' id='gform_15'  action='\/de\/wp-json\/wp\/v2\/pages\/3348#gf_15'>\n                        <div class='gform_body'><ul id='gform_fields_15' class='gform_fields top_label form_sublabel_below description_below'><li id='field_15_1'  class='gfield gf_left_half gfield_contains_required field_sublabel_below field_description_below gfield_visibility_visible' ><label class='gfield_label' for='input_15_1' >First Name<span class='gfield_required'>*<\/span><\/label><div class='ginput_container ginput_container_text'><input name='input_1' id='input_15_1' type='text' value='' class='medium'   tabindex='49' placeholder='Vorname *' aria-required=\"true\" aria-invalid=\"false\" \/><\/div><\/li><li id='field_15_2'  class='gfield gf_right_half gfield_contains_required field_sublabel_below field_description_below gfield_visibility_visible' ><label class='gfield_label' for='input_15_2' >Last name<span class='gfield_required'>*<\/span><\/label><div class='ginput_container ginput_container_text'><input name='input_2' id='input_15_2' type='text' value='' class='medium'   tabindex='50' placeholder='Nachname *' aria-required=\"true\" aria-invalid=\"false\" \/><\/div><\/li><li id='field_15_3'  class='gfield gf_left_half gfield_contains_required field_sublabel_below field_description_below gfield_visibility_visible' ><label class='gfield_label' for='input_15_3' >Phone number<span class='gfield_required'>*<\/span><\/label><div class='ginput_container ginput_container_text'><input name='input_3' id='input_15_3' type='text' value='' class='medium'   tabindex='51' placeholder='Telefonnummer *' aria-required=\"true\" aria-invalid=\"false\" \/><\/div><\/li><li id='field_15_4'  class='gfield gf_right_half gfield_contains_required field_sublabel_below field_description_below gfield_visibility_visible' ><label class='gfield_label' for='input_15_4' >Email<span class='gfield_required'>*<\/span><\/label><div class='ginput_container ginput_container_email'>\n                            <input name='input_4' id='input_15_4' type='text' value='' class='medium' tabindex='52'  placeholder='Email *' aria-required=\"true\" aria-invalid=\"false\" \/>\n                        <\/div><\/li><li id='field_15_5'  class='gfield field_sublabel_below field_description_below gfield_visibility_visible' ><label class='gfield_label' for='input_15_5' >Your message<\/label><div class='ginput_container ginput_container_textarea'><textarea name='input_5' id='input_15_5' class='textarea large' tabindex='53'   placeholder='Ihre Nachricht ...'  aria-invalid=\"false\"   rows='10' cols='50'><\/textarea><\/div><\/li><li id='field_15_6'  class='gfield gform_validation_container field_sublabel_below field_description_below gfield_visibility_visible' ><label class='gfield_label' for='input_15_6' >Phone<\/label><div class='ginput_container'><input name='input_6' id='input_15_6' type='text' value='' \/><\/div><div class='gfield_description' id='gfield_description_15_6'>Dieses Feld dient zur Validierung und sollte nicht ver\u00e4ndert werden.<\/div><\/li>\n                            <\/ul><\/div>\n        <div class='gform_footer top_label'> <input type='submit' id='gform_submit_button_15' class='gform_button button' value='Schicken' tabindex='54' onclick='if(window[\"gf_submitting_15\"]){return false;}  window[\"gf_submitting_15\"]=true;  ' onkeypress='if( event.keyCode == 13 ){ if(window[\"gf_submitting_15\"]){return false;} window[\"gf_submitting_15\"]=true;  jQuery(\"#gform_15\").trigger(\"submit\",[true]); }' \/> <input type='hidden' name='gform_ajax' value='form_id=15&amp;title=&amp;description=&amp;tabindex=49' \/>\n            <input type='hidden' class='gform_hidden' name='is_submit_15' value='1' \/>\n            <input type='hidden' class='gform_hidden' name='gform_submit' value='15' \/>\n            \n            <input type='hidden' class='gform_hidden' name='gform_unique_id' value='' \/>\n            <input type='hidden' class='gform_hidden' name='state_15' value='WyJbXSIsIjM0NTNiODY5NjEwMWVlZjEzMDFjNzg2YWRjZTliOTljIl0=' \/>\n            <input type='hidden' class='gform_hidden' name='gform_target_page_number_15' id='gform_target_page_number_15' value='0' \/>\n            <input type='hidden' class='gform_hidden' name='gform_source_page_number_15' id='gform_source_page_number_15' value='1' \/>\n            <input type='hidden' name='gform_field_values' value='' \/>\n            \n        <\/div>\n                        <\/form>\n                        <\/div>\n                <iframe style='display:none;width:0px;height:0px;' src='about:blank' name='gform_ajax_frame_15' id='gform_ajax_frame_15' title='Dieser iframe enth\u00e4lt die erforderliche Logik um Gravity Forms Formulare mit AJAX zu handhaben.'><\/iframe>\n                <script type='text\/javascript'>jQuery(document).ready(function($){gformInitSpinner( 15, 'https:\/\/mgagroup.bg\/wp-content\/plugins\/gravityforms\/images\/spinner.gif' );jQuery('#gform_ajax_frame_15').on('load',function(){var contents = jQuery(this).contents().find('*').html();var is_postback = contents.indexOf('GF_AJAX_POSTBACK') >= 0;if(!is_postback){return;}var form_content = jQuery(this).contents().find('#gform_wrapper_15');var is_confirmation = jQuery(this).contents().find('#gform_confirmation_wrapper_15').length > 0;var is_redirect = contents.indexOf('gformRedirect(){') >= 0;var is_form = form_content.length > 0 && ! is_redirect && ! is_confirmation;var mt = parseInt(jQuery('html').css('margin-top'), 10) + parseInt(jQuery('body').css('margin-top'), 10) + 100;if(is_form){jQuery('#gform_wrapper_15').html(form_content.html());if(form_content.hasClass('gform_validation_error')){jQuery('#gform_wrapper_15').addClass('gform_validation_error');} else {jQuery('#gform_wrapper_15').removeClass('gform_validation_error');}setTimeout( function() { \/* delay the scroll by 50 milliseconds to fix a bug in chrome *\/ jQuery(document).scrollTop(jQuery('#gform_wrapper_15').offset().top - mt); }, 50 );if(window['gformInitDatepicker']) {gformInitDatepicker();}if(window['gformInitPriceFields']) {gformInitPriceFields();}var current_page = jQuery('#gform_source_page_number_15').val();gformInitSpinner( 15, 'https:\/\/mgagroup.bg\/wp-content\/plugins\/gravityforms\/images\/spinner.gif' );jQuery(document).trigger('gform_page_loaded', [15, current_page]);window['gf_submitting_15'] = false;}else if(!is_redirect){var confirmation_content = jQuery(this).contents().find('.GF_AJAX_POSTBACK').html();if(!confirmation_content){confirmation_content = contents;}setTimeout(function(){jQuery('#gform_wrapper_15').replaceWith(confirmation_content);jQuery(document).scrollTop(jQuery('#gf_15').offset().top - mt);jQuery(document).trigger('gform_confirmation_loaded', [15]);window['gf_submitting_15'] = false;}, 50);}else{jQuery('#gform_15').append(contents);if(window['gformRedirect']) {gformRedirect();}}jQuery(document).trigger('gform_post_render', [15, current_page]);} );} );<\/script><script type='text\/javascript'> jQuery(document).bind('gform_post_render', function(event, formId, currentPage){if(formId == 15) {if(typeof Placeholders != 'undefined'){\n                        Placeholders.enable();\n                    }} } );jQuery(document).bind('gform_post_conditional_logic', function(event, formId, fields, isInit){} );<\/script><script type='text\/javascript'> jQuery(document).ready(function(){jQuery(document).trigger('gform_post_render', [15, 1]) } ); <\/script> \t\t\t\t\t\t\t\t\t\t<\/div><!-- \/.form -->\n\n\t\t\t<p>* Mit dem Dr\u00fccken des Buttons stimme ich zu, dass meine pers\u00f6nlichen Daten gespeichert und f\u00fcr die Zwecke der Website verarbeitet werden.<\/p>\n\t\t<\/div>\n\t<\/div><!-- \/.r -->\n<\/section><!-- \/.mga_contacts -->\n\n\n<section class=\"mga_building_map\">\n\t<div class=\"shell\">\n\t\t\t\t<h2 class=\"t moveRight\"><span>Wo<\/span> finden Sie unsere Geb\u00e4ude?<\/h2><!-- \/.t1 -->\n\t\t\n\t\t<p class=\"moveLeft t2\">Jedes der Geb\u00e4ude hat eine g\u00fcnstige strategische Lage<\/p>\n\n\t\t<div\n\t\t\t class=\"mga_building_map__map moveUp wf_leaflet_map\"\n\t\t\t id=\"cd-google-map\"\n\t\t\t data-pins='[[\"43.2297215\",\"27.9605101\",false,false],[\"43.218688\",\"27.945563\",\"https:\\\/\\\/mgagroup.bg\\\/wp-content\\\/uploads\\\/2023\\\/04\\\/mga-palace-sold.png\",\"https:\\\/\\\/mgagroup.bg\\\/de\\\/building\\\/palace\\\/\"],[\"43.225076\",\"27.950673\",\"https:\\\/\\\/mgagroup.bg\\\/wp-content\\\/uploads\\\/2023\\\/04\\\/medica.png\",\"https:\\\/\\\/mgagroup.bg\\\/de\\\/building\\\/medica\\\/\"],[\"43.2403284\",\"27.9821216\",\"https:\\\/\\\/mgagroup.bg\\\/wp-content\\\/uploads\\\/2022\\\/07\\\/saint-pavlos-pin.png\",\"https:\\\/\\\/mgagroup.bg\\\/de\\\/building\\\/saint-pavlos\\\/\"],[\"43.2449212\",\"27.9762003\",\"https:\\\/\\\/mgagroup.bg\\\/wp-content\\\/uploads\\\/2023\\\/05\\\/saint-nicola-sale.png\",\"https:\\\/\\\/mgagroup.bg\\\/de\\\/building\\\/saint-nicola\\\/\"],[\"\",\"\",\"https:\\\/\\\/mgagroup.bg\\\/wp-content\\\/uploads\\\/2025\\\/08\\\/mga-park-sofia-sale.png\",\"https:\\\/\\\/mgagroup.bg\\\/de\\\/building\\\/mga-park-sofia\\\/\"],[\"43.243413\",\"27.849516\",\"https:\\\/\\\/mgagroup.bg\\\/wp-content\\\/uploads\\\/2022\\\/07\\\/v-park-1.png\",\"https:\\\/\\\/mgagroup.bg\\\/de\\\/building\\\/v-park-1\\\/\"],[\"43.243463\",\"27.849391\",\"https:\\\/\\\/mgagroup.bg\\\/wp-content\\\/uploads\\\/2023\\\/05\\\/vi-park-2-sale.png\",\"https:\\\/\\\/mgagroup.bg\\\/de\\\/building\\\/v-park-2\\\/\"],[\"43.243463\",\"27.849391\",\"https:\\\/\\\/mgagroup.bg\\\/wp-content\\\/uploads\\\/2025\\\/02\\\/vpark-3-sold.png\",\"https:\\\/\\\/mgagroup.bg\\\/de\\\/building\\\/v-park-3\\\/\"],[\"\",\"\",\"https:\\\/\\\/mgagroup.bg\\\/wp-content\\\/uploads\\\/2025\\\/06\\\/v-park-4-sale.png\",\"https:\\\/\\\/mgagroup.bg\\\/de\\\/building\\\/v-park-4\\\/\"],[\"43.2528568\",\"27.8504093\",\"https:\\\/\\\/mgagroup.bg\\\/wp-content\\\/uploads\\\/2024\\\/04\\\/v-park-5-sale.png\",\"https:\\\/\\\/mgagroup.bg\\\/de\\\/building\\\/millennium\\\/\"],[\"43.2175419\",\"27.9219548\",\"https:\\\/\\\/mgagroup.bg\\\/wp-content\\\/uploads\\\/2024\\\/04\\\/tsarevets-sale.png\",\"https:\\\/\\\/mgagroup.bg\\\/de\\\/building\\\/tsarevets\\\/\"],[\"43.214438\",\"27.901438\",\"https:\\\/\\\/mgagroup.bg\\\/wp-content\\\/uploads\\\/2023\\\/04\\\/flora.png\",\"https:\\\/\\\/mgagroup.bg\\\/de\\\/building\\\/flora\\\/\"]]'\t\t\t style=\"height:614px;\"\n\t\t\t data-zoom=\"13\">\n\t\t<\/div>\n\t<\/div><!-- \/.shell -->\n<\/section><!-- \/.mga_building_map -->\n\n","protected":false},"excerpt":{"rendered":"","protected":false},"author":4,"featured_media":0,"parent":0,"menu_order":0,"comment_status":"closed","ping_status":"closed","template":"","meta":{"footnotes":""},"yst_prominent_words":[],"class_list":["post-3348","page","type-page","status-publish","hentry"],"acf":[],"_links":{"self":[{"href":"https:\/\/mgagroup.bg\/de\/wp-json\/wp\/v2\/pages\/3348","targetHints":{"allow":["GET"]}}],"collection":[{"href":"https:\/\/mgagroup.bg\/de\/wp-json\/wp\/v2\/pages"}],"about":[{"href":"https:\/\/mgagroup.bg\/de\/wp-json\/wp\/v2\/types\/page"}],"author":[{"embeddable":true,"href":"https:\/\/mgagroup.bg\/de\/wp-json\/wp\/v2\/users\/4"}],"replies":[{"embeddable":true,"href":"https:\/\/mgagroup.bg\/de\/wp-json\/wp\/v2\/comments?post=3348"}],"version-history":[{"count":0,"href":"https:\/\/mgagroup.bg\/de\/wp-json\/wp\/v2\/pages\/3348\/revisions"}],"wp:attachment":[{"href":"https:\/\/mgagroup.bg\/de\/wp-json\/wp\/v2\/media?parent=3348"}],"wp:term":[{"taxonomy":"yst_prominent_words","embeddable":true,"href":"https:\/\/mgagroup.bg\/de\/wp-json\/wp\/v2\/yst_prominent_words?post=3348"}],"curies":[{"name":"wp","href":"https:\/\/api.w.org\/{rel}","templated":true}]}}