{"id":3354,"date":"2023-04-28T12:53:27","date_gmt":"2023-04-28T12:53:27","guid":{"rendered":"https:\/\/mgagroup.bg\/politika-za-poveritelnost\/"},"modified":"2023-10-17T06:49:55","modified_gmt":"2023-10-17T06:49:55","slug":"datenschutz-bestimmungen","status":"publish","type":"page","link":"https:\/\/mgagroup.bg\/de\/datenschutz-bestimmungen\/","title":{"rendered":"Datenschutz-Bestimmungen"},"content":{"rendered":"<section class=\"mga_top_bread\">\n\t<div class=\"holdd\">\n\t\t\t\t\t<img decoding=\"async\" class=\"image\" src=\"https:\/\/mgagroup.bg\/wp-content\/uploads\/2023\/04\/footer-bg.jpg\" alt=\"Datenschutz-Bestimmungen - Investment Company\" \/>\n\t\t\n\t\t<div class=\"shell\">\n\t\t\t<a href=\"https:\/\/mgagroup.bg\/de\" class=\"back\">\t<svg xmlns=\"http:\/\/www.w3.org\/2000\/svg\" class=\"i i-arrow-2 class\">\n\t    <use xlink:href=\"https:\/\/mgagroup.bg\/wp-content\/themes\/mga\/images\/sprite.svg#arrow-2\"><\/use>\n\t<\/svg>\n\tZur\u00fcck nach Hause<\/a>\n\n\t\t\t<div class=\"top_bread__t\">\n\t\t\t\t<h2>MGA Group<\/h2>\n\n\t\t\t\t<h1>Datenschutz-Bestimmungen<\/h1>\n\n\t\t\t\t<ul class=\"breadcrumb breadcrumb__2\">\n\t\t\t\t\t<li>\n\t\t\t\t\t\t<a href=\"https:\/\/mgagroup.bg\/\">MGA Group<\/a>\n\t\t\t\t\t<\/li>\n\n\t\t\t\t\t<li>\n\t\t\t\t\t\tDatenschutz-Bestimmungen\t\t\t\t\t<\/li>\n\t\t\t\t<\/ul><!-- \/.breadcrumb -->\n\t\t\t<\/div><!-- \/.top_bread__t -->\n\t\t<\/div><!-- \/.shell -->\n\t<\/div><!-- \/.holdd -->\n<\/section><!-- \/.mga_top_bread -->\n<section class=\"some_text\">\n\t<div class=\"shell\">\n\t\t<div class=\"top\">\n\t\t\t<h2><span>Datenschutzrichtlinie<\/span> bei MGA<\/h2>\n\n\t\t\t<h3 class=\"t2\">Hochwertiger Bau von Luxusgeb\u00e4uden f\u00fcr Ihren Komfort<\/h3><!-- \/.t2 -->\n\n\t\t\t<div class=\"info\">\n\t\t\t\t<p><strong>MGA INVESTMENTS LTD<\/strong> ist ein Handelsunternehmen, das im Handelsregister der Eintragungsbeh\u00f6rde unter der UIC 203483894 registriert ist und als Verantwortlicher f\u00fcr personenbezogene Daten im Sinne der Verordnung (EU) 2016\/679 (Allgemeine Datenschutzverordnung) gilt. Wir verarbeiten Ihre personenbezogenen Daten gem\u00e4\u00df dieser Datenschutzrichtlinie, um Ihnen unsere Dienstleistungen anbieten zu k\u00f6nnen.<\/p>\n<p>Bei Fragen zur Verarbeitung personenbezogener Daten k\u00f6nnen Sie uns unter der Adresse: Varna, Dr. Nikolai Kolarow 3, Diplomatik Hill Complex, Wohnung 6, oder unter der E-Mail-Adresse <a href=\"mailto:office@mgagroup.bg\">office@mgagroup.bg<\/a> kontaktieren.<\/p>\n\t\t\t<\/div><!-- \/.info -->\n\t\t<\/div><!-- \/.top -->\n\n\t\t<div class=\"bottom\">\n\t\t\t<h2 class=\"wp-block-heading\">1. Sammlung und Verarbeitung personenbezogener Daten<\/h2>\n<h3 class=\"wp-block-heading\">1.1 Kategorien der personenbezogenen Daten, die wir verarbeiten<\/h3>\n<p>MGA INVESTMENTS LTD sammelt und verarbeitet die folgenden Kategorien personenbezogener Daten:<\/p>\n<ul>\n<li>Name und Nachname<\/li>\n<li>Adresse<\/li>\n<li>Telefonnummer<\/li>\n<li>E-Mail-Adresse<\/li>\n<li>Andere Daten, die Sie uns freiwillig zur Verf\u00fcgung stellen<\/li>\n<\/ul>\n<h3 class=\"wp-block-heading\">1.2 Rechtsgrundlagen f\u00fcr die Verarbeitung personenbezogener Daten<\/h3>\n<p>MGA INVESTMENTS LTD verarbeitet Ihre personenbezogenen Daten auf der Grundlage der Vertragserf\u00fcllung, der Einwilligung der betroffenen Person oder einer gesetzlichen Verpflichtung.<\/p>\n<h3 class=\"wp-block-heading\">1.3 Aufbewahrungsfristen f\u00fcr personenbezogene Daten<\/h3>\n<p>MGA INVESTMENTS LTD speichert Ihre personenbezogenen Daten f\u00fcr einen Zeitraum, der den Verarbeitungszwecken und den entsprechenden gesetzlichen Anforderungen entspricht.<\/p>\n<h2 class=\"wp-block-heading\">2. Weitergabe von personenbezogenen Daten an Dritte<\/h2>\n<p>MGA INVESTMENTS LTD kann personenbezogene Daten an Dritte weitergeben, wenn dies f\u00fcr die Vertragserf\u00fcllung, die Erf\u00fcllung einer gesetzlichen Verpflichtung oder die Einwilligung der betroffenen Person erforderlich ist. In solchen F\u00e4llen ergreifen wir alle notwendigen Ma\u00dfnahmen zum Schutz Ihrer personenbezogenen Daten und stellen sicher, dass Dritte unsere Datenschutzstandards einhalten und entsprechende Datenschutzma\u00dfnahmen anwenden.<\/p>\n<h2 class=\"wp-block-heading\">3. Cookies und \u00e4hnliche Technologien<\/h2>\n<h3 class=\"wp-block-heading\">3.1 Verwendung von Cookies<\/h3>\n<p>MGA INVESTMENTS LTD verwendet Cookies und \u00e4hnliche Technologien auf seiner Website, um das Benutzererlebnis zu verbessern, den Webverkehr zu analysieren und Inhalte und Werbung zu personalisieren.<\/p>\n<h3 class=\"wp-block-heading\">3.2 Zwecke der Verwendung von Cookies<\/h3>\n<p>Die von uns verwendeten Cookies dienen den folgenden Zwecken:<\/p>\n<ul>\n<li>Funktional: Diese Cookies sind f\u00fcr die grundlegenden Funktionen der Website erforderlich und immer aktiviert.<\/li>\n<li>Analytisch: Diese Cookies erm\u00f6glichen es uns, die Nutzung der Website durch die Besucher zu analysieren, um die Funktionalit\u00e4t und Pr\u00e4sentation zu verbessern.<\/li>\n<li>Marketing: Diese Cookies werden verwendet, um Werbung und Inhalte basierend auf Ihren Interessen und Pr\u00e4ferenzen zu personalisieren.<\/li>\n<\/ul>\n<h2 class=\"wp-block-heading\">4. Rechte der betroffenen Personen<\/h2>\n<p>Als betroffene Person haben Sie das Recht:<\/p>\n<ul>\n<li>auf Zugang zu Ihren personenbezogenen Daten und Informationen \u00fcber deren Verarbeitung;<\/li>\n<li>auf Berichtigung ungenauer oder unvollst\u00e4ndiger personenbezogener Daten;<\/li>\n<li>auf L\u00f6schung von personenbezogenen Daten, wenn sie f\u00fcr die Zwecke, f\u00fcr die sie erhoben wurden, nicht mehr erforderlich sind oder unrechtm\u00e4\u00dfig verarbeitet wurden;<\/li>\n<li>Widerspruch gegen die Verarbeitung Ihrer personenbezogenen Daten unter bestimmten Umst\u00e4nden;<\/li>\n<li>auf Einschr\u00e4nkung der Verarbeitung Ihrer personenbezogenen Daten in bestimmten F\u00e4llen;<\/li>\n<li>Ihre personenbezogenen Daten in einem strukturierten, g\u00e4ngigen und maschinenlesbaren Format zu erhalten und an einen anderen Verantwortlichen f\u00fcr personenbezogene Daten zu \u00fcbermitteln, sofern dies technisch machbar ist (Recht auf Daten\u00fcbertragbarkeit);<\/li>\n<li>Ihre Einwilligung zur Verarbeitung personenbezogener Daten zu widerrufen, wenn die Verarbeitung auf der Einwilligung beruht. Der Widerruf der Einwilligung ber\u00fchrt nicht die Rechtm\u00e4\u00dfigkeit der auf der Einwilligung beruhenden Verarbeitung vor ihrem Widerruf.<\/li>\n<\/ul>\n<p>Um Ihre Rechte als betroffene Person auszu\u00fcben, k\u00f6nnen Sie uns eine Anfrage an die Adresse: Varna, Dr. Nikolai Kolarow 3, Diplomatik Hill Complex, Wohnung 6, oder unter der E-Mail-Adresse <a href=\"mailto:office@mgagroup.bg\"><strong>office@mgagroup.bg<\/strong><\/a> senden. Wir werden Ihre Anfrage gem\u00e4\u00df den entsprechenden gesetzlichen Anforderungen beantworten.<\/p>\n<h2 class=\"wp-block-heading\">5. \u00c4nderungen an unserer Datenschutzrichtlinie<\/h2>\n<p>MGA INVESTMENTS LTD kann diese Datenschutzrichtlinie von Zeit zu Zeit aktualisieren. Im Falle von \u00c4nderungen werden wir die aktualisierte Version auf unserer Website ver\u00f6ffentlichen und Sie \u00fcber wesentliche \u00c4nderungen informieren, falls zutreffend.<\/p>\n<p>Letzte Aktualisierung: 29. April 2023.<\/p>\n<p>Wenn Sie Fragen oder Kommentare zu unserer Datenschutzrichtlinie haben, kontaktieren Sie uns bitte unter der Adresse: Varna, Dr. Nikolai Kolarow 3, Diplomatik Hill Complex, Wohnung 6, oder unter der E-Mail-Adresse <strong><a href=\"mailto:office@mgagroup.bg\">office@mgagroup.bg<\/a><\/strong>.<\/p>\n\t\t<\/div><!-- \/.bottom -->\n\t<\/div><!-- \/.shell -->\n<\/section><!-- \/.some_text -->\n","protected":false},"excerpt":{"rendered":"","protected":false},"author":4,"featured_media":0,"parent":0,"menu_order":0,"comment_status":"closed","ping_status":"closed","template":"","meta":{"footnotes":""},"yst_prominent_words":[],"class_list":["post-3354","page","type-page","status-publish","hentry"],"acf":[],"_links":{"self":[{"href":"https:\/\/mgagroup.bg\/de\/wp-json\/wp\/v2\/pages\/3354","targetHints":{"allow":["GET"]}}],"collection":[{"href":"https:\/\/mgagroup.bg\/de\/wp-json\/wp\/v2\/pages"}],"about":[{"href":"https:\/\/mgagroup.bg\/de\/wp-json\/wp\/v2\/types\/page"}],"author":[{"embeddable":true,"href":"https:\/\/mgagroup.bg\/de\/wp-json\/wp\/v2\/users\/4"}],"replies":[{"embeddable":true,"href":"https:\/\/mgagroup.bg\/de\/wp-json\/wp\/v2\/comments?post=3354"}],"version-history":[{"count":0,"href":"https:\/\/mgagroup.bg\/de\/wp-json\/wp\/v2\/pages\/3354\/revisions"}],"wp:attachment":[{"href":"https:\/\/mgagroup.bg\/de\/wp-json\/wp\/v2\/media?parent=3354"}],"wp:term":[{"taxonomy":"yst_prominent_words","embeddable":true,"href":"https:\/\/mgagroup.bg\/de\/wp-json\/wp\/v2\/yst_prominent_words?post=3354"}],"curies":[{"name":"wp","href":"https:\/\/api.w.org\/{rel}","templated":true}]}}