{"id":9222,"date":"2023-04-28T12:53:27","date_gmt":"2023-04-28T12:53:27","guid":{"rendered":"https:\/\/mgagroup.bg\/politika-za-poveritelnost\/"},"modified":"2023-10-18T14:12:32","modified_gmt":"2023-10-18T14:12:32","slug":"gizlilik-politikasi","status":"publish","type":"page","link":"https:\/\/mgagroup.bg\/tr\/gizlilik-politikasi\/","title":{"rendered":"Gizlilik Politikas\u0131"},"content":{"rendered":"<section class=\"mga_top_bread\">\n\t<div class=\"holdd\">\n\t\t\t\t\t<img decoding=\"async\" class=\"image\" src=\"https:\/\/mgagroup.bg\/wp-content\/uploads\/2023\/04\/footer-bg.jpg\" alt=\"Gizlilik Politikas\u0131 - Investment Company\" \/>\n\t\t\n\t\t<div class=\"shell\">\n\t\t\t<a href=\"https:\/\/mgagroup.bg\/tr\" class=\"back\">\t<svg xmlns=\"http:\/\/www.w3.org\/2000\/svg\" class=\"i i-arrow-2 class\">\n\t    <use xlink:href=\"https:\/\/mgagroup.bg\/wp-content\/themes\/mga\/images\/sprite.svg#arrow-2\"><\/use>\n\t<\/svg>\n\tAna Sayfaya D\u00f6n<\/a>\n\n\t\t\t<div class=\"top_bread__t\">\n\t\t\t\t<h2>MGA Group<\/h2>\n\n\t\t\t\t<h1>Gizlilik Politikas\u0131<\/h1>\n\n\t\t\t\t<ul class=\"breadcrumb breadcrumb__2\">\n\t\t\t\t\t<li>\n\t\t\t\t\t\t<a href=\"https:\/\/mgagroup.bg\/\">MGA Group<\/a>\n\t\t\t\t\t<\/li>\n\n\t\t\t\t\t<li>\n\t\t\t\t\t\tGizlilik Politikas\u0131\t\t\t\t\t<\/li>\n\t\t\t\t<\/ul><!-- \/.breadcrumb -->\n\t\t\t<\/div><!-- \/.top_bread__t -->\n\t\t<\/div><!-- \/.shell -->\n\t<\/div><!-- \/.holdd -->\n<\/section><!-- \/.mga_top_bread -->\n<section class=\"some_text\">\n\t<div class=\"shell\">\n\t\t<div class=\"top\">\n\t\t\t<h2><span>Gizlilik Politikas\u0131<\/span> MGA&#8217;da<\/h2>\n\n\t\t\t<h3 class=\"t2\">L\u00fcks binalar\u0131n kaliteli in\u015faat\u0131 sizin konforunuz i\u00e7in<\/h3><!-- \/.t2 -->\n\n\t\t\t<div class=\"info\">\n\t\t\t\t<p><strong>MGA YATIRIM LTD.<\/strong>, kay\u0131t numaras\u0131 203483894 ile Kay\u0131t B\u00fcrosu&#8217;na kay\u0131tl\u0131 bir ticaret \u015firketidir ve Genel Veri Koruma T\u00fcz\u00fc\u011f\u00fc (GDPR) anlam\u0131nda ki\u015fisel veri i\u015fleyicisidir. Hizmetlerimizi size sunmak i\u00e7in ki\u015fisel verilerinizi bu Gizlilik Politikas\u0131na uygun olarak i\u015fliyoruz.<\/p>\n<p>Ki\u015fisel veri i\u015fleme ile ilgili her t\u00fcrl\u00fc sorunuz i\u00e7in bizimle Varna, Dr. Nikolay Kolarov 3 St., Diplomatik Hill Complex, Apt. 6 adresinde veya <a href=\"mailto:office@mgagroup.bg\">office@mgagroup.bg<\/a> e-posta adresinde ileti\u015fime ge\u00e7ebilirsiniz.<\/p>\n\t\t\t<\/div><!-- \/.info -->\n\t\t<\/div><!-- \/.top -->\n\n\t\t<div class=\"bottom\">\n\t\t\t<h2 class=\"wp-block-heading\">1. Ki\u015fisel Veri Toplama ve \u0130\u015fleme<\/h2>\n<h3 class=\"wp-block-heading\">1.1 \u0130\u015fledi\u011fimiz Ki\u015fisel Veri Kategorileri<\/h3>\n<p>MGA YATIRIM LTD. a\u015fa\u011f\u0131daki ki\u015fisel veri kategorilerini toplar ve i\u015fler:<\/p>\n<ul>\n<li>Ad ve soyad<\/li>\n<li>Adres<\/li>\n<li>Telefon numaras\u0131<\/li>\n<li>E-posta adresi<\/li>\n<li>Size ait di\u011fer bilgiler<\/li>\n<\/ul>\n<h3 class=\"wp-block-heading\">1.2 Ki\u015fisel Veri \u0130\u015fleme Temelleri<\/h3>\n<p>MGA YATIRIM LTD. ki\u015fisel verilerinizi bir s\u00f6zle\u015fmenin ifas\u0131, veri konusu olan ki\u015finin r\u0131zas\u0131 veya yasal bir y\u00fck\u00fcml\u00fcl\u00fc\u011f\u00fcn ifas\u0131 temelinde i\u015fler.<\/p>\n<h3 class=\"wp-block-heading\">1.3 Ki\u015fisel Veri Saklama S\u00fcreleri<\/h3>\n<p>MGA YATIRIM LTD. ki\u015fisel verilerinizi i\u015fleme ama\u00e7lar\u0131 ve ilgili yasal gereksinimlere uygun olarak belirli bir s\u00fcre saklar.<\/p>\n<h2 class=\"wp-block-heading\">2. Ki\u015fisel Verilerin \u00dc\u00e7\u00fcnc\u00fc Taraf \u015eirketlere Aktar\u0131lmas\u0131<\/h2>\n<p>MGA YATIRIM LTD. ki\u015fisel verilerinizi bir s\u00f6zle\u015fmenin ifas\u0131, yasal bir y\u00fck\u00fcml\u00fcl\u00fc\u011f\u00fcn ifas\u0131 veya veri konusu olan ki\u015finin r\u0131zas\u0131 temelinde \u00fc\u00e7\u00fcnc\u00fc taraf \u015firketlere aktarabilir. Bu durumlarda, ki\u015fisel verilerinizi koruyacak ve gizlilik standartlar\u0131m\u0131za uygun veri koruma \u00f6nlemlerini uygulayacak olan \u00fc\u00e7\u00fcnc\u00fc taraf \u015firketleri se\u00e7eriz.<\/p>\n<h2 class=\"wp-block-heading\">3. \u00c7erezler ve Benzer Teknolojiler<\/h2>\n<h3 class=\"wp-block-heading\">3.1 \u00c7erezlerin Kullan\u0131lmas\u0131<\/h3>\n<p>MGA YATIRIM LTD. web sitesinde kullan\u0131c\u0131 deneyimini geli\u015ftirmek, web trafi\u011fini analiz etmek ve i\u00e7eri\u011fi ve reklamlar\u0131 ki\u015fiselle\u015ftirmek i\u00e7in \u00e7erezler ve di\u011fer benzer teknolojileri kullan\u0131r.<\/p>\n<h3 class=\"wp-block-heading\">3.2 \u00c7erezlerin Kullan\u0131m Ama\u00e7lar\u0131<\/h3>\n<p>Kulland\u0131\u011f\u0131m\u0131z \u00e7erezler \u015fu ama\u00e7larla s\u0131n\u0131rl\u0131d\u0131r:<\/p>\n<ul>\n<li>Fonksiyonel: Bu \u00e7erezler web sitesinin temel i\u015flevleri i\u00e7in gereklidir ve her zaman etkindir.<\/li>\n<li>Analitik: Bu \u00e7erezler, ziyaret\u00e7ilerin web sitesini nas\u0131l kulland\u0131klar\u0131n\u0131 analiz etmemize yard\u0131mc\u0131 olur, b\u00f6ylece i\u015flevselli\u011fi ve performans\u0131 iyile\u015ftirebiliriz.<\/li>\n<li>Pazarlama: Bu \u00e7erezler, ilgi alanlar\u0131n\u0131za ve tercihlerinize g\u00f6re reklamlar\u0131 ve i\u00e7eri\u011fi ki\u015fiselle\u015ftirmek i\u00e7in kullan\u0131l\u0131r.<\/li>\n<\/ul>\n<h2 class=\"wp-block-heading\">4. Veri Konular\u0131n\u0131n Haklar\u0131<\/h2>\n<p>Veri konusu olarak, \u015funlar\u0131 yapma hakk\u0131n\u0131z var:<\/p>\n<ul>\n<li>Ki\u015fisel verilerinize eri\u015fim talep etmek ve bunlar\u0131n i\u015flenmesi hakk\u0131nda bilgi almak;<\/li>\n<li>Yanl\u0131\u015f veya eksik ki\u015fisel verilerin d\u00fczeltilmesini istemek;<\/li>\n<li>Topland\u0131klar\u0131 ama\u00e7lar i\u00e7in art\u0131k gerekli olmad\u0131klar\u0131nda veya haks\u0131z yere i\u015flendiklerinde ki\u015fisel verilerin silinmesini istemek;<\/li>\n<li>Belli ko\u015fullar alt\u0131nda ki\u015fisel verilerinizin i\u015flenmesine itiraz etmek;<\/li>\n<li>Baz\u0131 durumlarda ki\u015fisel verilerinizin i\u015flenmesini s\u0131n\u0131rlamay\u0131 talep etmek;<\/li>\n<li>Ki\u015fisel verilerinizi yap\u0131land\u0131r\u0131lm\u0131\u015f, yayg\u0131n olarak kullan\u0131lan ve makine taraf\u0131ndan okunabilir bir formatta almak ve bunlar\u0131 ba\u015fka bir ki\u015fisel veri i\u015fleyiciye aktarmak, bu teknik olarak m\u00fcmk\u00fcn oldu\u011funda (veri ta\u015f\u0131nabilirli\u011fi hakk\u0131);<\/li>\n<li>Veri i\u015fleme r\u0131zas\u0131n\u0131, i\u015fleme r\u0131zaya dayal\u0131 oldu\u011funda geri \u00e7ekmek. R\u0131zan\u0131n geri \u00e7ekilmesi, r\u0131zan\u0131n geri \u00e7ekilmesinden \u00f6nceki i\u015flemenin yasall\u0131\u011f\u0131n\u0131 etkilemez.<\/li>\n<\/ul>\n<p>Veri konusu olarak haklar\u0131n\u0131z\u0131 kullanmak i\u00e7in Varna, Dr. Nikolay Kolarov 3 St., Diplomatik Hill Complex, Apt. 6 adresine veya <a href=\"mailto:office@mgagroup.bg\"><strong>office@mgagroup.bg<\/strong><\/a> e-posta adresine bir istekte bulunabilirsiniz. \u0130ste\u011finize ilgili yasal gerekliliklere uygun olarak yan\u0131t verece\u011fiz.<\/p>\n<h2 class=\"wp-block-heading\">5. Gizlilik Politikam\u0131zdaki De\u011fi\u015fiklikler<\/h2>\n<p>MGA YATIRIM LTD. periyodik olarak bu Gizlilik Politikas\u0131n\u0131 g\u00fcncelleyebilir. De\u011fi\u015fiklikler oldu\u011funda, web sitemizde g\u00fcncellenmi\u015f s\u00fcr\u00fcm\u00fc yay\u0131nlayaca\u011f\u0131z ve \u00f6nemli de\u011fi\u015fiklikler oldu\u011funda sizi bilgilendirece\u011fiz, bu uygulanabilirse.<\/p>\n<p>Son g\u00fcncelleme tarihi: 29 Nisan 2023<\/p>\n<p>Gizlilik Politikam\u0131z hakk\u0131nda herhangi bir sorunuz veya yorumunuz varsa, l\u00fctfen Varna, Dr. Nikolay Kolarov 3 St., Diplomatik Hill Complex, Apt. 6 adresine veya <strong><a href=\"mailto:office@mgagroup.bg\">office@mgagroup.bg<\/a><\/strong> e-posta adresine ileti\u015fime ge\u00e7in.<\/p>\n\t\t<\/div><!-- \/.bottom -->\n\t<\/div><!-- \/.shell -->\n<\/section><!-- \/.some_text -->\n","protected":false},"excerpt":{"rendered":"","protected":false},"author":4,"featured_media":0,"parent":0,"menu_order":0,"comment_status":"closed","ping_status":"closed","template":"","meta":{"footnotes":""},"yst_prominent_words":[],"class_list":["post-9222","page","type-page","status-publish","hentry"],"acf":[],"_links":{"self":[{"href":"https:\/\/mgagroup.bg\/tr\/wp-json\/wp\/v2\/pages\/9222","targetHints":{"allow":["GET"]}}],"collection":[{"href":"https:\/\/mgagroup.bg\/tr\/wp-json\/wp\/v2\/pages"}],"about":[{"href":"https:\/\/mgagroup.bg\/tr\/wp-json\/wp\/v2\/types\/page"}],"author":[{"embeddable":true,"href":"https:\/\/mgagroup.bg\/tr\/wp-json\/wp\/v2\/users\/4"}],"replies":[{"embeddable":true,"href":"https:\/\/mgagroup.bg\/tr\/wp-json\/wp\/v2\/comments?post=9222"}],"version-history":[{"count":0,"href":"https:\/\/mgagroup.bg\/tr\/wp-json\/wp\/v2\/pages\/9222\/revisions"}],"wp:attachment":[{"href":"https:\/\/mgagroup.bg\/tr\/wp-json\/wp\/v2\/media?parent=9222"}],"wp:term":[{"taxonomy":"yst_prominent_words","embeddable":true,"href":"https:\/\/mgagroup.bg\/tr\/wp-json\/wp\/v2\/yst_prominent_words?post=9222"}],"curies":[{"name":"wp","href":"https:\/\/api.w.org\/{rel}","templated":true}]}}