{"id":9223,"date":"2022-07-25T17:07:09","date_gmt":"2022-07-25T17:07:09","guid":{"rendered":"https:\/\/mgagroup.bg\/proekti\/"},"modified":"2023-10-18T14:12:48","modified_gmt":"2023-10-18T14:12:48","slug":"projeler","status":"publish","type":"page","link":"https:\/\/mgagroup.bg\/tr\/projeler\/","title":{"rendered":"Projeler"},"content":{"rendered":"\t\n<div class=\"intro\">\n\t<div class=\"shell\">\n\t\t\n\t\t<div class=\"topp\">\n\t\t\t<h1 class=\"tt\">\n\t\t\t\tProjeler\t\t\t<\/h1><!-- \/.tt -->\n\n\t\t\t<ul class=\"breadcrumb\">\n\t\t\t\t<li>\n\t\t\t\t\t<a href=\"https:\/\/mgagroup.bg\/\">MGA Group<\/a>\n\t\t\t\t<\/li>\n\n\t\t\t\t\n\t\t\t\t<li>\n\t\t\t\t\tProjeler\t\t\t\t<\/li>\n\t\t\t<\/ul><!-- \/.breadcrumb -->\n\n\t\t<\/div><!-- \/.topp -->\n\t<\/div><!-- \/.shell -->\n<\/div><!-- \/.intro -->\n<section class=\"mga_all_project mga_project_block \">\n\t\n\t  \t \t  \t \t<a href='https:\/\/mgagroup.bg\/tr\/building\/palace\/' >\n\t\t\t\t\t\t\t\t\n\t  \t \t\t<img decoding=\"async\" src=\"https:\/\/mgagroup.bg\/wp-content\/uploads\/2023\/04\/mga-palace-10.jpeg\" loading=\"lazy\" alt=\" Investment Company\" \/>\n\t\t\t\t\n\t\t\t\t\n\t  \t \t\t<h2 class=\"title\">\n\t  \t \t\t\t<img decoding=\"async\" src=\"\/wp-content\/uploads\/2023\/04\/mga-logo-sign.png\" alt=\"Palace\" \/> <span>Palace<\/span>\n\t  \t \t\t<\/h2><!-- \/.title -->\n\n\t  \t \t\t<span class=\"loc\">\t<svg xmlns=\"http:\/\/www.w3.org\/2000\/svg\" class=\"i i-map \">\n\t    <use xlink:href=\"https:\/\/mgagroup.bg\/wp-content\/themes\/mga\/images\/sprite.svg#map\"><\/use>\n\t<\/svg>\n\t <span>60 &#8220;Vasil Levski&#8221; Bulvar\u0131, Varna<\/span><\/span>\n\n\t  \t \t\t<span class=\"staus_build\">\n\t  \t \t\t\t\t\t\t\t\t\t\t\t\t\t\t\t\t\t<span class=\"red\"><span>0<\/span> Sat\u0131l\u0131k<\/span>\n\t\t\t\t\t\t\t\t\t\t\t\t\t\t  \t \t\t\t\t  \t \t\t<\/span>\n\n\t  \t \t\t<div class=\"on_hover\">\n\t  \t \t\t\t<div class=\"details\">\n\t  \t \t\t\t\t<span>Mevcut M\u00fclkler<\/span>\n\n\t  \t \t\t\t\t<ul>\n\t  \t \t\t\t\t\t<li><span>Daireler:<\/span> <span>0<\/span><\/li>\n\t  \t \t\t\t\t\t\t  \t \t\t\t\t\t<li><span>Park alanlar\u0131:<\/span> <span>0<\/span><\/li>\n\t  \t \t\t\t\t\t<li><span>Garajlar:<\/span> <span>0<\/span><\/li>\n\t  \t \t\t\t\t\t<li><span>Ofisler:<\/span> <span>0<\/span><\/li>\n\t  \t \t\t\t\t\t\t  \t \t\t\t\t\t\t  \t \t\t\t\t<\/ul>\n\t  \t \t\t\t<\/div><!-- \/.details -->\n\n\t  \t \t\t\t<h2>\n\t  \t \t\t\t\tPalace \t<svg xmlns=\"http:\/\/www.w3.org\/2000\/svg\" class=\"i i-arrow-2 \">\n\t    <use xlink:href=\"https:\/\/mgagroup.bg\/wp-content\/themes\/mga\/images\/sprite.svg#arrow-2\"><\/use>\n\t<\/svg>\n\t\t  \t \t\t\t<\/h2>\n\n\t  \t \t\t\t<span class=\"or\">Daha Fazla G\u00f6r<\/span>\n\t  \t \t\t<\/div>\n\t  \t \t<\/a>\n\t  \t \t  \t\t\n\t  \n\t  \t \t  \t \t<a href='https:\/\/mgagroup.bg\/tr\/building\/medica\/' >\n\t\t\t\t\t\t\t\t\n\t  \t \t\t<img decoding=\"async\" src=\"https:\/\/mgagroup.bg\/wp-content\/uploads\/2023\/04\/mga-medica.jpeg\" loading=\"lazy\" alt=\" Investment Company\" \/>\n\t\t\t\t\n\t\t\t\t\n\t  \t \t\t<h2 class=\"title\">\n\t  \t \t\t\t<img decoding=\"async\" src=\"\/wp-content\/uploads\/2023\/04\/mga-logo-sign.png\" alt=\"Medica\" \/> <span>Medica<\/span>\n\t  \t \t\t<\/h2><!-- \/.title -->\n\n\t  \t \t\t<span class=\"loc\">\t<svg xmlns=\"http:\/\/www.w3.org\/2000\/svg\" class=\"i i-map \">\n\t    <use xlink:href=\"https:\/\/mgagroup.bg\/wp-content\/themes\/mga\/images\/sprite.svg#map\"><\/use>\n\t<\/svg>\n\t <span>T\u0131p kompleksinin bat\u0131s\u0131ndaki &#8220;Mir&#8221; caddesi<\/span><\/span>\n\n\t  \t \t\t<span class=\"staus_build\">\n\t  \t \t\t\t\t\t\t\t\t\t\t\t\t\t\t\t\t\t<span class=\"red\"><span>0<\/span> Sat\u0131l\u0131k<\/span>\n\t\t\t\t\t\t\t\t\t\t\t\t\t\t  \t \t\t\t\t  \t \t\t<\/span>\n\n\t  \t \t\t<div class=\"on_hover\">\n\t  \t \t\t\t<div class=\"details\">\n\t  \t \t\t\t\t<span>Mevcut M\u00fclkler<\/span>\n\n\t  \t \t\t\t\t<ul>\n\t  \t \t\t\t\t\t<li><span>Daireler:<\/span> <span>0<\/span><\/li>\n\t  \t \t\t\t\t\t\t  \t \t\t\t\t\t<li><span>Park alanlar\u0131:<\/span> <span>0<\/span><\/li>\n\t  \t \t\t\t\t\t<li><span>Garajlar:<\/span> <span>0<\/span><\/li>\n\t  \t \t\t\t\t\t<li><span>Ofisler:<\/span> <span>0<\/span><\/li>\n\t  \t \t\t\t\t\t\t  \t \t\t\t\t\t\t  \t \t\t\t\t<\/ul>\n\t  \t \t\t\t<\/div><!-- \/.details -->\n\n\t  \t \t\t\t<h2>\n\t  \t \t\t\t\tMedica \t<svg xmlns=\"http:\/\/www.w3.org\/2000\/svg\" class=\"i i-arrow-2 \">\n\t    <use xlink:href=\"https:\/\/mgagroup.bg\/wp-content\/themes\/mga\/images\/sprite.svg#arrow-2\"><\/use>\n\t<\/svg>\n\t\t  \t \t\t\t<\/h2>\n\n\t  \t \t\t\t<span class=\"or\">Daha Fazla G\u00f6r<\/span>\n\t  \t \t\t<\/div>\n\t  \t \t<\/a>\n\t  \t \t  \t\t\n\t  \n\t  \t \t  \t \t<a href='https:\/\/mgagroup.bg\/tr\/building\/saint-pavlos\/' >\n\t\t\t\t\t\t\t\t\n\t  \t \t\t<img decoding=\"async\" src=\"https:\/\/mgagroup.bg\/wp-content\/uploads\/2022\/07\/st-pavlos-2.jpeg\" loading=\"lazy\" alt=\" Investment Company\" \/>\n\t\t\t\t\n\t\t\t\t\n\t  \t \t\t<h2 class=\"title\">\n\t  \t \t\t\t<img decoding=\"async\" src=\"\/wp-content\/uploads\/2023\/04\/mga-logo-sign.png\" alt=\"Saint Pavlos\" \/> <span>Saint Pavlos<\/span>\n\t  \t \t\t<\/h2><!-- \/.title -->\n\n\t  \t \t\t<span class=\"loc\">\t<svg xmlns=\"http:\/\/www.w3.org\/2000\/svg\" class=\"i i-map \">\n\t    <use xlink:href=\"https:\/\/mgagroup.bg\/wp-content\/themes\/mga\/images\/sprite.svg#map\"><\/use>\n\t<\/svg>\n\t <span>St. Vasil Stoilov 37, Varna<\/span><\/span>\n\n\t  \t \t\t<span class=\"staus_build\">\n\t  \t \t\t\t\t\t\t\t\t\t\t\t\t\t\t\t\t\t<span class=\"red\"><span>0<\/span> Sat\u0131l\u0131k<\/span>\n\t\t\t\t\t\t\t\t\t\t\t\t\t\t  \t \t\t\t\t  \t \t\t<\/span>\n\n\t  \t \t\t<div class=\"on_hover\">\n\t  \t \t\t\t<div class=\"details\">\n\t  \t \t\t\t\t<span>Mevcut M\u00fclkler<\/span>\n\n\t  \t \t\t\t\t<ul>\n\t  \t \t\t\t\t\t<li><span>Daireler:<\/span> <span>0<\/span><\/li>\n\t  \t \t\t\t\t\t\t  \t \t\t\t\t\t<li><span>Park alanlar\u0131:<\/span> <span>0<\/span><\/li>\n\t  \t \t\t\t\t\t<li><span>Garajlar:<\/span> <span>0<\/span><\/li>\n\t  \t \t\t\t\t\t<li><span>Ofisler:<\/span> <span>0<\/span><\/li>\n\t  \t \t\t\t\t\t\t  \t \t\t\t\t\t\t  \t \t\t\t\t<\/ul>\n\t  \t \t\t\t<\/div><!-- \/.details -->\n\n\t  \t \t\t\t<h2>\n\t  \t \t\t\t\tSaint Pavlos \t<svg xmlns=\"http:\/\/www.w3.org\/2000\/svg\" class=\"i i-arrow-2 \">\n\t    <use xlink:href=\"https:\/\/mgagroup.bg\/wp-content\/themes\/mga\/images\/sprite.svg#arrow-2\"><\/use>\n\t<\/svg>\n\t\t  \t \t\t\t<\/h2>\n\n\t  \t \t\t\t<span class=\"or\">Daha Fazla G\u00f6r<\/span>\n\t  \t \t\t<\/div>\n\t  \t \t<\/a>\n\t  \t \t  \t\t\n\t  \n\t  \t \t  \t \t<a href='https:\/\/mgagroup.bg\/tr\/building\/saint-nicola\/' >\n\t\t\t\t\t\t\t\t\n\t  \t \t\t<img decoding=\"async\" src=\"https:\/\/mgagroup.bg\/wp-content\/uploads\/2023\/04\/mga-group-sgrana-st-nikola-2.jpg\" loading=\"lazy\" alt=\" Investment Company\" \/>\n\t\t\t\t\n\t\t\t\t\n\t  \t \t\t<h2 class=\"title\">\n\t  \t \t\t\t<img decoding=\"async\" src=\"\/wp-content\/uploads\/2023\/04\/mga-logo-sign.png\" alt=\"Saint Nicola\" \/> <span>Saint Nicola<\/span>\n\t  \t \t\t<\/h2><!-- \/.title -->\n\n\t  \t \t\t<span class=\"loc\">\t<svg xmlns=\"http:\/\/www.w3.org\/2000\/svg\" class=\"i i-map \">\n\t    <use xlink:href=\"https:\/\/mgagroup.bg\/wp-content\/themes\/mga\/images\/sprite.svg#map\"><\/use>\n\t<\/svg>\n\t <span>metrekare Vinica, Ayazma, Varna<\/span><\/span>\n\n\t  \t \t\t<span class=\"staus_build\">\n\t  \t \t\t\t\t  \t \t\t\t\t<span class=\"on-sale\">\n\t\t\t\t\t\t\t\t\t\t\t\t\t\t\t<span class=\"red\">2<\/span> Sat\u0131l\u0131k\t\t\t\t\t\t\t\t  \t \t\t\t\t\t\n\t  \t \t\t\t\t<\/span>\n\t\t\t\t\t\t  \t \t\t<\/span>\n\n\t  \t \t\t<div class=\"on_hover\">\n\t  \t \t\t\t<div class=\"details\">\n\t  \t \t\t\t\t<span>Mevcut M\u00fclkler<\/span>\n\n\t  \t \t\t\t\t<ul>\n\t  \t \t\t\t\t\t<li><span>Daireler:<\/span> <span>2<\/span><\/li>\n\t  \t \t\t\t\t\t\t  \t \t\t\t\t\t<li><span>Park alanlar\u0131:<\/span> <span>0<\/span><\/li>\n\t  \t \t\t\t\t\t<li><span>Garajlar:<\/span> <span>0<\/span><\/li>\n\t  \t \t\t\t\t\t<li><span>Ofisler:<\/span> <span>0<\/span><\/li>\n\t  \t \t\t\t\t\t\t  \t \t\t\t\t\t\t  \t \t\t\t\t<\/ul>\n\t  \t \t\t\t<\/div><!-- \/.details -->\n\n\t  \t \t\t\t<h2>\n\t  \t \t\t\t\tSaint Nicola \t<svg xmlns=\"http:\/\/www.w3.org\/2000\/svg\" class=\"i i-arrow-2 \">\n\t    <use xlink:href=\"https:\/\/mgagroup.bg\/wp-content\/themes\/mga\/images\/sprite.svg#arrow-2\"><\/use>\n\t<\/svg>\n\t\t  \t \t\t\t<\/h2>\n\n\t  \t \t\t\t<span class=\"or\">Daha Fazla G\u00f6r<\/span>\n\t  \t \t\t<\/div>\n\t  \t \t<\/a>\n\t  \t \t  \t\t\n\t  \n\t  \t \t  \t \t<a href='https:\/\/mgagroup.bg\/tr\/building\/mga-park-sofia\/' >\n\t\t\t\t\t\t\t\t\n\t  \t \t\t<img decoding=\"async\" src=\"https:\/\/mgagroup.bg\/wp-content\/uploads\/2025\/08\/mga-park-sofia-3-scaled.jpg\" loading=\"lazy\" alt=\" Investment Company\" \/>\n\t\t\t\t\n\t\t\t\t\n\t  \t \t\t<h2 class=\"title\">\n\t  \t \t\t\t<img decoding=\"async\" src=\"\/wp-content\/uploads\/2023\/04\/mga-logo-sign.png\" alt=\"MGA Park Sofia\" \/> <span>MGA Park Sofia<\/span>\n\t  \t \t\t<\/h2><!-- \/.title -->\n\n\t  \t \t\t<span class=\"loc\">\t<svg xmlns=\"http:\/\/www.w3.org\/2000\/svg\" class=\"i i-map \">\n\t    <use xlink:href=\"https:\/\/mgagroup.bg\/wp-content\/themes\/mga\/images\/sprite.svg#map\"><\/use>\n\t<\/svg>\n\t <span>Sofya, Ovcha Kupel 1<\/span><\/span>\n\n\t  \t \t\t<span class=\"staus_build\">\n\t  \t \t\t\t\t  \t \t\t\t\t<span class=\"on-sale\">\n\t\t\t\t\t\t\t\t\t\t\t\t\t\t\t<span class=\"red\">294<\/span> Sat\u0131l\u0131k\t\t\t\t\t\t\t\t  \t \t\t\t\t\t\n\t  \t \t\t\t\t<\/span>\n\t\t\t\t\t\t  \t \t\t<\/span>\n\n\t  \t \t\t<div class=\"on_hover\">\n\t  \t \t\t\t<div class=\"details\">\n\t  \t \t\t\t\t<span>Mevcut M\u00fclkler<\/span>\n\n\t  \t \t\t\t\t<ul>\n\t  \t \t\t\t\t\t<li><span>Daireler:<\/span> <span>134<\/span><\/li>\n\t  \t \t\t\t\t\t\t  \t \t\t\t\t\t<li><span>Park alanlar\u0131:<\/span> <span>160<\/span><\/li>\n\t  \t \t\t\t\t\t<li><span>Garajlar:<\/span> <span>0<\/span><\/li>\n\t  \t \t\t\t\t\t<li><span>Ofisler:<\/span> <span>0<\/span><\/li>\n\t  \t \t\t\t\t\t\t  \t \t\t\t\t\t\t  \t \t\t\t\t<\/ul>\n\t  \t \t\t\t<\/div><!-- \/.details -->\n\n\t  \t \t\t\t<h2>\n\t  \t \t\t\t\tMGA Park Sofia \t<svg xmlns=\"http:\/\/www.w3.org\/2000\/svg\" class=\"i i-arrow-2 \">\n\t    <use xlink:href=\"https:\/\/mgagroup.bg\/wp-content\/themes\/mga\/images\/sprite.svg#arrow-2\"><\/use>\n\t<\/svg>\n\t\t  \t \t\t\t<\/h2>\n\n\t  \t \t\t\t<span class=\"or\">Daha Fazla G\u00f6r<\/span>\n\t  \t \t\t<\/div>\n\t  \t \t<\/a>\n\t  \t \t  \t\t\n\t  \n\t  \t \t  \t \t<a href='https:\/\/mgagroup.bg\/tr\/building\/v-park-1\/' >\n\t\t\t\t\t\t\t\t\n\t  \t \t\t<img decoding=\"async\" src=\"https:\/\/mgagroup.bg\/wp-content\/uploads\/2023\/04\/v-park-1.jpeg\" loading=\"lazy\" alt=\" Investment Company\" \/>\n\t\t\t\t\n\t\t\t\t\n\t  \t \t\t<h2 class=\"title\">\n\t  \t \t\t\t<img decoding=\"async\" src=\"\/wp-content\/uploads\/2023\/04\/mga-logo-sign.png\" alt=\"V Park 1\" \/> <span>V Park 1<\/span>\n\t  \t \t\t<\/h2><!-- \/.title -->\n\n\t  \t \t\t<span class=\"loc\">\t<svg xmlns=\"http:\/\/www.w3.org\/2000\/svg\" class=\"i i-map \">\n\t    <use xlink:href=\"https:\/\/mgagroup.bg\/wp-content\/themes\/mga\/images\/sprite.svg#map\"><\/use>\n\t<\/svg>\n\t <span>&#8220;Vladislavovo Mahallesi, Bokluk Tarla Mevkii&#8221;<\/span><\/span>\n\n\t  \t \t\t<span class=\"staus_build\">\n\t  \t \t\t\t\t\t\t\t\t\t\t\t\t\t\t\t\t\t<span class=\"red\"><span>0<\/span> Sat\u0131l\u0131k<\/span>\n\t\t\t\t\t\t\t\t\t\t\t\t\t\t  \t \t\t\t\t  \t \t\t<\/span>\n\n\t  \t \t\t<div class=\"on_hover\">\n\t  \t \t\t\t<div class=\"details\">\n\t  \t \t\t\t\t<span>Mevcut M\u00fclkler<\/span>\n\n\t  \t \t\t\t\t<ul>\n\t  \t \t\t\t\t\t<li><span>Daireler:<\/span> <span>0<\/span><\/li>\n\t  \t \t\t\t\t\t\t  \t \t\t\t\t\t<li><span>Park alanlar\u0131:<\/span> <span>0<\/span><\/li>\n\t  \t \t\t\t\t\t<li><span>Garajlar:<\/span> <span>0<\/span><\/li>\n\t  \t \t\t\t\t\t<li><span>Ofisler:<\/span> <span>0<\/span><\/li>\n\t  \t \t\t\t\t\t\t  \t \t\t\t\t\t\t  \t \t\t\t\t<\/ul>\n\t  \t \t\t\t<\/div><!-- \/.details -->\n\n\t  \t \t\t\t<h2>\n\t  \t \t\t\t\tV Park 1 \t<svg xmlns=\"http:\/\/www.w3.org\/2000\/svg\" class=\"i i-arrow-2 \">\n\t    <use xlink:href=\"https:\/\/mgagroup.bg\/wp-content\/themes\/mga\/images\/sprite.svg#arrow-2\"><\/use>\n\t<\/svg>\n\t\t  \t \t\t\t<\/h2>\n\n\t  \t \t\t\t<span class=\"or\">Daha Fazla G\u00f6r<\/span>\n\t  \t \t\t<\/div>\n\t  \t \t<\/a>\n\t  \t \t  \t\t\n\t  \n\t  \t \t  \t \t<a href='https:\/\/mgagroup.bg\/tr\/building\/v-park-2\/' >\n\t\t\t\t\t\t\t\t\n\t  \t \t\t<img decoding=\"async\" src=\"https:\/\/mgagroup.bg\/wp-content\/uploads\/2023\/05\/v-park-2-residence-3.jpg\" loading=\"lazy\" alt=\" Investment Company\" \/>\n\t\t\t\t\n\t\t\t\t\n\t  \t \t\t<h2 class=\"title\">\n\t  \t \t\t\t<img decoding=\"async\" src=\"\/wp-content\/uploads\/2023\/04\/mga-logo-sign.png\" alt=\"V Park 2\" \/> <span>V Park 2<\/span>\n\t  \t \t\t<\/h2><!-- \/.title -->\n\n\t  \t \t\t<span class=\"loc\">\t<svg xmlns=\"http:\/\/www.w3.org\/2000\/svg\" class=\"i i-map \">\n\t    <use xlink:href=\"https:\/\/mgagroup.bg\/wp-content\/themes\/mga\/images\/sprite.svg#map\"><\/use>\n\t<\/svg>\n\t <span>&#8220;Vladislavovo Mahallesi, Bokluk Tarla Mevkii&#8221;<\/span><\/span>\n\n\t  \t \t\t<span class=\"staus_build\">\n\t  \t \t\t\t\t\t\t\t\t\t\t\t\t\t\t\t\t\t<span class=\"red\"><span>0<\/span> Sat\u0131l\u0131k<\/span>\n\t\t\t\t\t\t\t\t\t\t\t\t\t\t  \t \t\t\t\t  \t \t\t<\/span>\n\n\t  \t \t\t<div class=\"on_hover\">\n\t  \t \t\t\t<div class=\"details\">\n\t  \t \t\t\t\t<span>Mevcut M\u00fclkler<\/span>\n\n\t  \t \t\t\t\t<ul>\n\t  \t \t\t\t\t\t<li><span>Daireler:<\/span> <span>0<\/span><\/li>\n\t  \t \t\t\t\t\t\t  \t \t\t\t\t\t<li><span>Park alanlar\u0131:<\/span> <span>0<\/span><\/li>\n\t  \t \t\t\t\t\t<li><span>Garajlar:<\/span> <span>0<\/span><\/li>\n\t  \t \t\t\t\t\t<li><span>Ofisler:<\/span> <span>0<\/span><\/li>\n\t  \t \t\t\t\t\t\t  \t \t\t\t\t\t\t  \t \t\t\t\t<\/ul>\n\t  \t \t\t\t<\/div><!-- \/.details -->\n\n\t  \t \t\t\t<h2>\n\t  \t \t\t\t\tV Park 2 \t<svg xmlns=\"http:\/\/www.w3.org\/2000\/svg\" class=\"i i-arrow-2 \">\n\t    <use xlink:href=\"https:\/\/mgagroup.bg\/wp-content\/themes\/mga\/images\/sprite.svg#arrow-2\"><\/use>\n\t<\/svg>\n\t\t  \t \t\t\t<\/h2>\n\n\t  \t \t\t\t<span class=\"or\">Daha Fazla G\u00f6r<\/span>\n\t  \t \t\t<\/div>\n\t  \t \t<\/a>\n\t  \t \t  \t\t\n\t  \n\t  \t \t  \t \t<a href='https:\/\/mgagroup.bg\/tr\/building\/v-park-3\/' >\n\t\t\t\t\t\t\t\t\n\t  \t \t\t<img decoding=\"async\" src=\"https:\/\/mgagroup.bg\/wp-content\/uploads\/2025\/02\/jilishtna-sgrada-v-park-3-1.jpeg\" loading=\"lazy\" alt=\" Investment Company\" \/>\n\t\t\t\t\n\t\t\t\t\n\t  \t \t\t<h2 class=\"title\">\n\t  \t \t\t\t<img decoding=\"async\" src=\"\/wp-content\/uploads\/2023\/04\/mga-logo-sign.png\" alt=\"V Park 3\" \/> <span>V Park 3<\/span>\n\t  \t \t\t<\/h2><!-- \/.title -->\n\n\t  \t \t\t<span class=\"loc\">\t<svg xmlns=\"http:\/\/www.w3.org\/2000\/svg\" class=\"i i-map \">\n\t    <use xlink:href=\"https:\/\/mgagroup.bg\/wp-content\/themes\/mga\/images\/sprite.svg#map\"><\/use>\n\t<\/svg>\n\t <span>&#8220;Vladislavovo Mahallesi, Bokluk Tarla Mevkii&#8221;<\/span><\/span>\n\n\t  \t \t\t<span class=\"staus_build\">\n\t  \t \t\t\t\t\t\t\t\t\t\t\t\t\t\t\t\t\t<span class=\"red\"><span>0<\/span> Sat\u0131l\u0131k<\/span>\n\t\t\t\t\t\t\t\t\t\t\t\t\t\t  \t \t\t\t\t  \t \t\t<\/span>\n\n\t  \t \t\t<div class=\"on_hover\">\n\t  \t \t\t\t<div class=\"details\">\n\t  \t \t\t\t\t<span>Mevcut M\u00fclkler<\/span>\n\n\t  \t \t\t\t\t<ul>\n\t  \t \t\t\t\t\t<li><span>Daireler:<\/span> <span>0<\/span><\/li>\n\t  \t \t\t\t\t\t\t  \t \t\t\t\t\t<li><span>Park alanlar\u0131:<\/span> <span>0<\/span><\/li>\n\t  \t \t\t\t\t\t<li><span>Garajlar:<\/span> <span>0<\/span><\/li>\n\t  \t \t\t\t\t\t<li><span>Ofisler:<\/span> <span>0<\/span><\/li>\n\t  \t \t\t\t\t\t\t  \t \t\t\t\t\t\t  \t \t\t\t\t<\/ul>\n\t  \t \t\t\t<\/div><!-- \/.details -->\n\n\t  \t \t\t\t<h2>\n\t  \t \t\t\t\tV Park 3 \t<svg xmlns=\"http:\/\/www.w3.org\/2000\/svg\" class=\"i i-arrow-2 \">\n\t    <use xlink:href=\"https:\/\/mgagroup.bg\/wp-content\/themes\/mga\/images\/sprite.svg#arrow-2\"><\/use>\n\t<\/svg>\n\t\t  \t \t\t\t<\/h2>\n\n\t  \t \t\t\t<span class=\"or\">Daha Fazla G\u00f6r<\/span>\n\t  \t \t\t<\/div>\n\t  \t \t<\/a>\n\t  \t \t  \t\t\n\t  \n\t  \t \t  \t \t<a href='https:\/\/mgagroup.bg\/tr\/building\/v-park-4\/' >\n\t\t\t\t\t\t\t\t\n\t  \t \t\t<img decoding=\"async\" src=\"https:\/\/mgagroup.bg\/wp-content\/uploads\/2025\/06\/sgrada-v-park-4-3.jpg\" loading=\"lazy\" alt=\" Investment Company\" \/>\n\t\t\t\t\n\t\t\t\t\n\t  \t \t\t<h2 class=\"title\">\n\t  \t \t\t\t<img decoding=\"async\" src=\"\/wp-content\/uploads\/2023\/04\/mga-logo-sign.png\" alt=\"V Park 4\" \/> <span>V Park 4<\/span>\n\t  \t \t\t<\/h2><!-- \/.title -->\n\n\t  \t \t\t<span class=\"loc\">\t<svg xmlns=\"http:\/\/www.w3.org\/2000\/svg\" class=\"i i-map \">\n\t    <use xlink:href=\"https:\/\/mgagroup.bg\/wp-content\/themes\/mga\/images\/sprite.svg#map\"><\/use>\n\t<\/svg>\n\t <span>Vladislavovo Mahallesi<\/span><\/span>\n\n\t  \t \t\t<span class=\"staus_build\">\n\t  \t \t\t\t\t  \t \t\t\t\t<span class=\"on-sale\">\n\t\t\t\t\t\t\t\t\t\t\t\t\t\t\t<span class=\"red\">42<\/span> Sat\u0131l\u0131k\t\t\t\t\t\t\t\t  \t \t\t\t\t\t\n\t  \t \t\t\t\t<\/span>\n\t\t\t\t\t\t  \t \t\t<\/span>\n\n\t  \t \t\t<div class=\"on_hover\">\n\t  \t \t\t\t<div class=\"details\">\n\t  \t \t\t\t\t<span>Mevcut M\u00fclkler<\/span>\n\n\t  \t \t\t\t\t<ul>\n\t  \t \t\t\t\t\t<li><span>Daireler:<\/span> <span>42<\/span><\/li>\n\t  \t \t\t\t\t\t\t  \t \t\t\t\t\t<li><span>Park alanlar\u0131:<\/span> <span>101<\/span><\/li>\n\t  \t \t\t\t\t\t<li><span>Garajlar:<\/span> <span>0<\/span><\/li>\n\t  \t \t\t\t\t\t<li><span>Ofisler:<\/span> <span>0<\/span><\/li>\n\t  \t \t\t\t\t\t\t  \t \t\t\t\t\t\t  \t \t\t\t\t<\/ul>\n\t  \t \t\t\t<\/div><!-- \/.details -->\n\n\t  \t \t\t\t<h2>\n\t  \t \t\t\t\tV Park 4 \t<svg xmlns=\"http:\/\/www.w3.org\/2000\/svg\" class=\"i i-arrow-2 \">\n\t    <use xlink:href=\"https:\/\/mgagroup.bg\/wp-content\/themes\/mga\/images\/sprite.svg#arrow-2\"><\/use>\n\t<\/svg>\n\t\t  \t \t\t\t<\/h2>\n\n\t  \t \t\t\t<span class=\"or\">Daha Fazla G\u00f6r<\/span>\n\t  \t \t\t<\/div>\n\t  \t \t<\/a>\n\t  \t \t  \t\t\n\t  \n\t  \t \t  \t \t<a href='https:\/\/mgagroup.bg\/tr\/building\/millennium\/' >\n\t\t\t\t\t\t\t\t\n\t  \t \t\t<img decoding=\"async\" src=\"https:\/\/mgagroup.bg\/wp-content\/uploads\/2024\/04\/sgrada-millennium-3.jpg\" loading=\"lazy\" alt=\" Investment Company\" \/>\n\t\t\t\t\n\t\t\t\t\n\t  \t \t\t<h2 class=\"title\">\n\t  \t \t\t\t<img decoding=\"async\" src=\"\/wp-content\/uploads\/2023\/04\/mga-logo-sign.png\" alt=\"V Park 5\" \/> <span>V Park 5<\/span>\n\t  \t \t\t<\/h2><!-- \/.title -->\n\n\t  \t \t\t<span class=\"loc\">\t<svg xmlns=\"http:\/\/www.w3.org\/2000\/svg\" class=\"i i-map \">\n\t    <use xlink:href=\"https:\/\/mgagroup.bg\/wp-content\/themes\/mga\/images\/sprite.svg#map\"><\/use>\n\t<\/svg>\n\t <span>&#8220;Vladislav Varnenchik&#8221;, Varna<\/span><\/span>\n\n\t  \t \t\t<span class=\"staus_build\">\n\t  \t \t\t\t\t\t\t\t\t\t\t\t\t\t\t\t\t\t<span class=\"red\"><span>50 d.<\/span> Sat\u0131l\u0131k<\/span>\n\t\t\t\t\t\t\t\t\t\t\t\t\t\t  \t \t\t\t\t  \t \t\t<\/span>\n\n\t  \t \t\t<div class=\"on_hover\">\n\t  \t \t\t\t<div class=\"details\">\n\t  \t \t\t\t\t<span>Mevcut M\u00fclkler<\/span>\n\n\t  \t \t\t\t\t<ul>\n\t  \t \t\t\t\t\t<li><span>Daireler:<\/span> <span>0<\/span><\/li>\n\t  \t \t\t\t\t\t\t  \t \t\t\t\t\t<li><span>Park alanlar\u0131:<\/span> <span>0<\/span><\/li>\n\t  \t \t\t\t\t\t<li><span>Garajlar:<\/span> <span>0<\/span><\/li>\n\t  \t \t\t\t\t\t<li><span>Ofisler:<\/span> <span>0<\/span><\/li>\n\t  \t \t\t\t\t\t\t  \t \t\t\t\t\t\t  \t \t\t\t\t<\/ul>\n\t  \t \t\t\t<\/div><!-- \/.details -->\n\n\t  \t \t\t\t<h2>\n\t  \t \t\t\t\tV Park 5 \t<svg xmlns=\"http:\/\/www.w3.org\/2000\/svg\" class=\"i i-arrow-2 \">\n\t    <use xlink:href=\"https:\/\/mgagroup.bg\/wp-content\/themes\/mga\/images\/sprite.svg#arrow-2\"><\/use>\n\t<\/svg>\n\t\t  \t \t\t\t<\/h2>\n\n\t  \t \t\t\t<span class=\"or\">Daha Fazla G\u00f6r<\/span>\n\t  \t \t\t<\/div>\n\t  \t \t<\/a>\n\t  \t \t  \t\t\n\t  \n\t  \t \t  \t \t<a href='https:\/\/mgagroup.bg\/tr\/building\/tsarevets\/' >\n\t\t\t\t\t\t\t\t\n\t  \t \t\t<img decoding=\"async\" src=\"https:\/\/mgagroup.bg\/wp-content\/uploads\/2024\/04\/sgrada-carevec.jpg\" loading=\"lazy\" alt=\" Investment Company\" \/>\n\t\t\t\t\n\t\t\t\t\n\t  \t \t\t<h2 class=\"title\">\n\t  \t \t\t\t<img decoding=\"async\" src=\"\/wp-content\/uploads\/2023\/04\/mga-logo-sign.png\" alt=\"Tsarevets\" \/> <span>Tsarevets<\/span>\n\t  \t \t\t<\/h2><!-- \/.title -->\n\n\t  \t \t\t<span class=\"loc\">\t<svg xmlns=\"http:\/\/www.w3.org\/2000\/svg\" class=\"i i-map \">\n\t    <use xlink:href=\"https:\/\/mgagroup.bg\/wp-content\/themes\/mga\/images\/sprite.svg#map\"><\/use>\n\t<\/svg>\n\t <span>Varna, &#8220;Tsarevets&#8221; Caddesi<\/span><\/span>\n\n\t  \t \t\t<span class=\"staus_build\">\n\t  \t \t\t\t\t\t\t\t\t\t\t\t\t\t\t\t\t\t<span class=\"red\"><span>0<\/span> Sat\u0131l\u0131k<\/span>\n\t\t\t\t\t\t\t\t\t\t\t\t\t\t  \t \t\t\t\t  \t \t\t<\/span>\n\n\t  \t \t\t<div class=\"on_hover\">\n\t  \t \t\t\t<div class=\"details\">\n\t  \t \t\t\t\t<span>Mevcut M\u00fclkler<\/span>\n\n\t  \t \t\t\t\t<ul>\n\t  \t \t\t\t\t\t<li><span>Daireler:<\/span> <span>0<\/span><\/li>\n\t  \t \t\t\t\t\t\t  \t \t\t\t\t\t<li><span>Park alanlar\u0131:<\/span> <span>0<\/span><\/li>\n\t  \t \t\t\t\t\t<li><span>Garajlar:<\/span> <span>0<\/span><\/li>\n\t  \t \t\t\t\t\t<li><span>Ofisler:<\/span> <span>0<\/span><\/li>\n\t  \t \t\t\t\t\t\t  \t \t\t\t\t\t\t  \t \t\t\t\t<\/ul>\n\t  \t \t\t\t<\/div><!-- \/.details -->\n\n\t  \t \t\t\t<h2>\n\t  \t \t\t\t\tTsarevets \t<svg xmlns=\"http:\/\/www.w3.org\/2000\/svg\" class=\"i i-arrow-2 \">\n\t    <use xlink:href=\"https:\/\/mgagroup.bg\/wp-content\/themes\/mga\/images\/sprite.svg#arrow-2\"><\/use>\n\t<\/svg>\n\t\t  \t \t\t\t<\/h2>\n\n\t  \t \t\t\t<span class=\"or\">Daha Fazla G\u00f6r<\/span>\n\t  \t \t\t<\/div>\n\t  \t \t<\/a>\n\t  \t \t  \t\t\n\t  \n\t  \t \t  \t \t<a href='https:\/\/mgagroup.bg\/tr\/building\/flora\/' >\n\t\t\t\t\t\t\t\t\n\t  \t \t\t<img decoding=\"async\" src=\"https:\/\/mgagroup.bg\/wp-content\/uploads\/2023\/04\/mga-flora-building-3.jpg\" loading=\"lazy\" alt=\" Investment Company\" \/>\n\t\t\t\t\n\t\t\t\t\n\t  \t \t\t<h2 class=\"title\">\n\t  \t \t\t\t<img decoding=\"async\" src=\"\/wp-content\/uploads\/2023\/04\/mga-logo-sign.png\" alt=\"Flora\" \/> <span>Flora<\/span>\n\t  \t \t\t<\/h2><!-- \/.title -->\n\n\t  \t \t\t<span class=\"loc\">\t<svg xmlns=\"http:\/\/www.w3.org\/2000\/svg\" class=\"i i-map \">\n\t    <use xlink:href=\"https:\/\/mgagroup.bg\/wp-content\/themes\/mga\/images\/sprite.svg#map\"><\/use>\n\t<\/svg>\n\t <span>25 &#8220;Patrik Evtimii&#8221; St., Varna<\/span><\/span>\n\n\t  \t \t\t<span class=\"staus_build\">\n\t  \t \t\t\t\t\t\t\t\t\t\t\t\t\t\t\t\t\t<span class=\"red\"><span>0<\/span> Sat\u0131l\u0131k<\/span>\n\t\t\t\t\t\t\t\t\t\t\t\t\t\t  \t \t\t\t\t  \t \t\t<\/span>\n\n\t  \t \t\t<div class=\"on_hover\">\n\t  \t \t\t\t<div class=\"details\">\n\t  \t \t\t\t\t<span>Mevcut M\u00fclkler<\/span>\n\n\t  \t \t\t\t\t<ul>\n\t  \t \t\t\t\t\t<li><span>Daireler:<\/span> <span>0<\/span><\/li>\n\t  \t \t\t\t\t\t\t  \t \t\t\t\t\t<li><span>Park alanlar\u0131:<\/span> <span>0<\/span><\/li>\n\t  \t \t\t\t\t\t<li><span>Garajlar:<\/span> <span>0<\/span><\/li>\n\t  \t \t\t\t\t\t<li><span>Ofisler:<\/span> <span>0<\/span><\/li>\n\t  \t \t\t\t\t\t\t  \t \t\t\t\t\t\t  \t \t\t\t\t<\/ul>\n\t  \t \t\t\t<\/div><!-- \/.details -->\n\n\t  \t \t\t\t<h2>\n\t  \t \t\t\t\tFlora \t<svg xmlns=\"http:\/\/www.w3.org\/2000\/svg\" class=\"i i-arrow-2 \">\n\t    <use xlink:href=\"https:\/\/mgagroup.bg\/wp-content\/themes\/mga\/images\/sprite.svg#arrow-2\"><\/use>\n\t<\/svg>\n\t\t  \t \t\t\t<\/h2>\n\n\t  \t \t\t\t<span class=\"or\">Daha Fazla G\u00f6r<\/span>\n\t  \t \t\t<\/div>\n\t  \t \t<\/a>\n\t  \t \t  \t\t\n\t   \n<\/section><!-- \/.mga_project_block --> ","protected":false},"excerpt":{"rendered":"","protected":false},"author":4,"featured_media":0,"parent":0,"menu_order":0,"comment_status":"closed","ping_status":"closed","template":"","meta":{"footnotes":""},"yst_prominent_words":[],"class_list":["post-9223","page","type-page","status-publish","hentry"],"acf":[],"_links":{"self":[{"href":"https:\/\/mgagroup.bg\/tr\/wp-json\/wp\/v2\/pages\/9223","targetHints":{"allow":["GET"]}}],"collection":[{"href":"https:\/\/mgagroup.bg\/tr\/wp-json\/wp\/v2\/pages"}],"about":[{"href":"https:\/\/mgagroup.bg\/tr\/wp-json\/wp\/v2\/types\/page"}],"author":[{"embeddable":true,"href":"https:\/\/mgagroup.bg\/tr\/wp-json\/wp\/v2\/users\/4"}],"replies":[{"embeddable":true,"href":"https:\/\/mgagroup.bg\/tr\/wp-json\/wp\/v2\/comments?post=9223"}],"version-history":[{"count":0,"href":"https:\/\/mgagroup.bg\/tr\/wp-json\/wp\/v2\/pages\/9223\/revisions"}],"wp:attachment":[{"href":"https:\/\/mgagroup.bg\/tr\/wp-json\/wp\/v2\/media?parent=9223"}],"wp:term":[{"taxonomy":"yst_prominent_words","embeddable":true,"href":"https:\/\/mgagroup.bg\/tr\/wp-json\/wp\/v2\/yst_prominent_words?post=9223"}],"curies":[{"name":"wp","href":"https:\/\/api.w.org\/{rel}","templated":true}]}}