{"id":9227,"date":"2022-07-17T13:09:31","date_gmt":"2022-07-17T13:09:31","guid":{"rendered":"https:\/\/mgagroup.bg\/kontakti\/"},"modified":"2024-02-16T12:34:00","modified_gmt":"2024-02-16T12:34:00","slug":"iletisim","status":"publish","type":"page","link":"https:\/\/mgagroup.bg\/tr\/iletisim\/","title":{"rendered":"\u0130leti\u015fim"},"content":{"rendered":"<section class=\"mga_contacts\">\n\t<div class=\"shell\">\n\t\t<a href=\"https:\/\/mgagroup.bg\/tr\" class=\"back\">\t<svg xmlns=\"http:\/\/www.w3.org\/2000\/svg\" class=\"i i-arrow-2 class\">\n\t    <use xlink:href=\"https:\/\/mgagroup.bg\/wp-content\/themes\/mga\/images\/sprite.svg#arrow-2\"><\/use>\n\t<\/svg>\n\tAna sayfaya d\u00f6n<\/a>\n\t<\/div><!-- \/.shell -->\n\n\t<div class=\"l\">\n\t\t<div>\n\t\t\t<span>MGA Group<\/span>\n\n\t\t\t<h1>Birlikte <span>\u00e7al\u0131\u015fal\u0131m<\/span><\/h1>\n\n\t\t\t<ul class=\"breadcrumb\">\n\t\t\t\t<li>\n\t\t\t\t\t<a href=\"https:\/\/mgagroup.bg\/\">MGA Group<\/a>\n\t\t\t\t<\/li>\n\n\t\t\t\t<li>\n\t\t\t\t\t\u0130leti\u015fim\t\t\t\t<\/li>\n\t\t\t<\/ul><!-- \/.breadcrumb -->\n\n\t\t\t<p>Binalar\u0131m\u0131z, dairelerimiz veya hizmetlerimiz hakk\u0131nda herhangi bir sorunuz varsa veya daha fazla bilgiye ihtiyac\u0131n\u0131z varsa, l\u00fctfen bizimle ileti\u015fime ge\u00e7mekten \u00e7ekinmeyin. Ekibimiz, size yard\u0131mc\u0131 olmak ve sorular\u0131n\u0131za yan\u0131t vermek i\u00e7in haz\u0131rd\u0131r.<\/p>\n\n\t\t\t<div class=\"details\">\n\t\t\t\t<h2>Bilgi<\/h2>\n\n\t\t\t\t<h3>MGA Group ofisi:<\/h3>\n\n\t\t\t\t<p>Varna, 3 Dr. Nikolay Kolarov Caddesi, Diplomatic Hill Kompleksi, daire 6<\/p>\n\n\t\t\t\t<a href=\"https:\/\/www.google.com\/maps\/search\/%D0%92%D0%B0%D1%80%D0%BD%D0%B0,+%D1%83%D0%BB.+%D0%94-%D1%80+%D0%9D%D0%B8%D0%BA%D0%BE%D0%BB%D0%B0%D0%B9+%D0%9A%D0%BE%D0%BB%D0%B0%D1%80%D0%BE%D0%B2+3+,+%D0%9A%D0%BE%D0%BC%D0%BF%D0%BB%D0%B5%D0%BA%D1%81+%D0%94%D0%B8%D0%BF%D0%BB%D0%BE%D0%BC%D0%B0%D1%82%D0%B8%D0%BA+%D1%85%D0%B8%D0%BB,+%D0%B0%D0%BF.+6\/@43.2198908,27.9441437,17z\/data=!3m1!4b1\">Konum<\/a>\n\n\t\t\t\t<div class=\"cont\">\n\t\t\t\t\t<div>\n\t\t\t\t\t\t<h3>Telefon:<\/h3>\n\n\t\t\t\t\t\t<a target=\"_blank\" href=\"tel:+359878110888\">+359 878 11 08 88<\/a>\n\t\t\t\t\t<\/div>\n\n\t\t\t\t\t<div>\n\t\t\t\t\t\t<h3>E-posta:<\/h3>\n\n\t\t\t\t\t\t<a href=\"mailto:office@mgagroup.bg\">office@mgagroup.bg<\/a>\n\t\t\t\t\t<\/div>\n\t\t\t\t<\/div><!-- \/.cont -->\n\t\t\t<\/div><!-- \/.details -->\n\t\t<\/div>\n\t<\/div><!-- \/.l -->\n\n\t<div class=\"r\">\n\t\t<img decoding=\"async\" src=\"https:\/\/mgagroup.bg\/wp-content\/uploads\/2023\/04\/footer-bg.jpg\" alt=\"\" \/>\n\n\t\t<div>\n\t\t\t<span>MGA Group | Yat\u0131r\u0131m \u015firketi <\/span>\n\n\t\t\t<h2>Size yard\u0131mc\u0131 olmak i\u00e7in buraday\u0131z. Bize yaz\u0131n!<\/h2>\n\n\t\t\t<div class=\"form\">\n\t\t\t\t\t\t\t\t\t\t\t\t\t\t\t\t\t   \n                <div class='gf_browser_gecko gform_wrapper' id='gform_wrapper_23' ><div id='gf_23' class='gform_anchor' tabindex='-1'><\/div><form method='post' enctype='multipart\/form-data' target='gform_ajax_frame_23' id='gform_23'  action='\/tr\/wp-json\/wp\/v2\/pages\/9227#gf_23'>\n                        <div class='gform_body'><ul id='gform_fields_23' class='gform_fields top_label form_sublabel_below description_below'><li id='field_23_1'  class='gfield gf_left_half gfield_contains_required field_sublabel_below field_description_below gfield_visibility_visible' ><label class='gfield_label' for='input_23_1' >First Name<span class='gfield_required'>*<\/span><\/label><div class='ginput_container ginput_container_text'><input name='input_1' id='input_23_1' type='text' value='' class='medium'   tabindex='49' placeholder='\u0130lk ad\u0131 *' aria-required=\"true\" aria-invalid=\"false\" \/><\/div><\/li><li id='field_23_2'  class='gfield gf_right_half gfield_contains_required field_sublabel_below field_description_below gfield_visibility_visible' ><label class='gfield_label' for='input_23_2' >Last name<span class='gfield_required'>*<\/span><\/label><div class='ginput_container ginput_container_text'><input name='input_2' id='input_23_2' type='text' value='' class='medium'   tabindex='50' placeholder='Soy isim *' aria-required=\"true\" aria-invalid=\"false\" \/><\/div><\/li><li id='field_23_3'  class='gfield gf_left_half gfield_contains_required field_sublabel_below field_description_below gfield_visibility_visible' ><label class='gfield_label' for='input_23_3' >Phone number<span class='gfield_required'>*<\/span><\/label><div class='ginput_container ginput_container_text'><input name='input_3' id='input_23_3' type='text' value='' class='medium'   tabindex='51' placeholder='Telefon numaras\u0131 *' aria-required=\"true\" aria-invalid=\"false\" \/><\/div><\/li><li id='field_23_4'  class='gfield gf_right_half gfield_contains_required field_sublabel_below field_description_below gfield_visibility_visible' ><label class='gfield_label' for='input_23_4' >Email<span class='gfield_required'>*<\/span><\/label><div class='ginput_container ginput_container_email'>\n                            <input name='input_4' id='input_23_4' type='text' value='' class='medium' tabindex='52'  placeholder='E-posta *' aria-required=\"true\" aria-invalid=\"false\" \/>\n                        <\/div><\/li><li id='field_23_5'  class='gfield field_sublabel_below field_description_below gfield_visibility_visible' ><label class='gfield_label' for='input_23_5' >Your message<\/label><div class='ginput_container ginput_container_textarea'><textarea name='input_5' id='input_23_5' class='textarea large' tabindex='53'   placeholder='Mesaj\u0131n ...'  aria-invalid=\"false\"   rows='10' cols='50'><\/textarea><\/div><\/li><li id='field_23_6'  class='gfield gform_validation_container field_sublabel_below field_description_below gfield_visibility_visible' ><label class='gfield_label' for='input_23_6' >Phone<\/label><div class='ginput_container'><input name='input_6' id='input_23_6' type='text' value='' \/><\/div><div class='gfield_description' id='gfield_description_23_6'>Bu alan do\u011frulama ama\u00e7l\u0131d\u0131r ve de\u011fi\u015fiklik yap\u0131lmadan b\u0131rak\u0131lmal\u0131d\u0131r.<\/div><\/li>\n                            <\/ul><\/div>\n        <div class='gform_footer top_label'> <input type='submit' id='gform_submit_button_23' class='gform_button button' value='G\u00f6ndermek' tabindex='54' onclick='if(window[\"gf_submitting_23\"]){return false;}  window[\"gf_submitting_23\"]=true;  ' onkeypress='if( event.keyCode == 13 ){ if(window[\"gf_submitting_23\"]){return false;} window[\"gf_submitting_23\"]=true;  jQuery(\"#gform_23\").trigger(\"submit\",[true]); }' \/> <input type='hidden' name='gform_ajax' value='form_id=23&amp;title=&amp;description=&amp;tabindex=49' \/>\n            <input type='hidden' class='gform_hidden' name='is_submit_23' value='1' \/>\n            <input type='hidden' class='gform_hidden' name='gform_submit' value='23' \/>\n            \n            <input type='hidden' class='gform_hidden' name='gform_unique_id' value='' \/>\n            <input type='hidden' class='gform_hidden' name='state_23' value='WyJbXSIsIjM0NTNiODY5NjEwMWVlZjEzMDFjNzg2YWRjZTliOTljIl0=' \/>\n            <input type='hidden' class='gform_hidden' name='gform_target_page_number_23' id='gform_target_page_number_23' value='0' \/>\n            <input type='hidden' class='gform_hidden' name='gform_source_page_number_23' id='gform_source_page_number_23' value='1' \/>\n            <input type='hidden' name='gform_field_values' value='' \/>\n            \n        <\/div>\n                        <\/form>\n                        <\/div>\n                <iframe style='display:none;width:0px;height:0px;' src='about:blank' name='gform_ajax_frame_23' id='gform_ajax_frame_23' title='Bu iframe, Ajax destekli Gravity Forms i\u015flemleri i\u00e7in gereken mant\u0131\u011f\u0131 i\u00e7erir.'><\/iframe>\n                <script type='text\/javascript'>jQuery(document).ready(function($){gformInitSpinner( 23, 'https:\/\/mgagroup.bg\/wp-content\/plugins\/gravityforms\/images\/spinner.gif' );jQuery('#gform_ajax_frame_23').on('load',function(){var contents = jQuery(this).contents().find('*').html();var is_postback = contents.indexOf('GF_AJAX_POSTBACK') >= 0;if(!is_postback){return;}var form_content = jQuery(this).contents().find('#gform_wrapper_23');var is_confirmation = jQuery(this).contents().find('#gform_confirmation_wrapper_23').length > 0;var is_redirect = contents.indexOf('gformRedirect(){') >= 0;var is_form = form_content.length > 0 && ! is_redirect && ! is_confirmation;var mt = parseInt(jQuery('html').css('margin-top'), 10) + parseInt(jQuery('body').css('margin-top'), 10) + 100;if(is_form){jQuery('#gform_wrapper_23').html(form_content.html());if(form_content.hasClass('gform_validation_error')){jQuery('#gform_wrapper_23').addClass('gform_validation_error');} else {jQuery('#gform_wrapper_23').removeClass('gform_validation_error');}setTimeout( function() { \/* delay the scroll by 50 milliseconds to fix a bug in chrome *\/ jQuery(document).scrollTop(jQuery('#gform_wrapper_23').offset().top - mt); }, 50 );if(window['gformInitDatepicker']) {gformInitDatepicker();}if(window['gformInitPriceFields']) {gformInitPriceFields();}var current_page = jQuery('#gform_source_page_number_23').val();gformInitSpinner( 23, 'https:\/\/mgagroup.bg\/wp-content\/plugins\/gravityforms\/images\/spinner.gif' );jQuery(document).trigger('gform_page_loaded', [23, current_page]);window['gf_submitting_23'] = false;}else if(!is_redirect){var confirmation_content = jQuery(this).contents().find('.GF_AJAX_POSTBACK').html();if(!confirmation_content){confirmation_content = contents;}setTimeout(function(){jQuery('#gform_wrapper_23').replaceWith(confirmation_content);jQuery(document).scrollTop(jQuery('#gf_23').offset().top - mt);jQuery(document).trigger('gform_confirmation_loaded', [23]);window['gf_submitting_23'] = false;}, 50);}else{jQuery('#gform_23').append(contents);if(window['gformRedirect']) {gformRedirect();}}jQuery(document).trigger('gform_post_render', [23, current_page]);} );} );<\/script><script type='text\/javascript'> jQuery(document).bind('gform_post_render', function(event, formId, currentPage){if(formId == 23) {if(typeof Placeholders != 'undefined'){\n                        Placeholders.enable();\n                    }} } );jQuery(document).bind('gform_post_conditional_logic', function(event, formId, fields, isInit){} );<\/script><script type='text\/javascript'> jQuery(document).ready(function(){jQuery(document).trigger('gform_post_render', [23, 1]) } ); <\/script> \t\t\t<\/div><!-- \/.form -->\n\n\t\t\t<p>* Butona basarak, ki\u015fisel verilerimin site ama\u00e7lar\u0131 i\u00e7in saklanmas\u0131n\u0131 ve i\u015flenmesini kabul ediyorum.<\/p>\n\t\t<\/div>\n\t<\/div><!-- \/.r -->\n<\/section><!-- \/.mga_contacts -->\n\n\n<section class=\"mga_building_map\">\n\t<div class=\"shell\">\n\t\t\t\t<h2 class=\"t moveRight\"><span>Binalar\u0131m\u0131z\u0131<\/span> nerede bulabilirsiniz?<\/h2><!-- \/.t1 -->\n\t\t\n\t\t<p class=\"moveLeft t2\">Binalar\u0131n her biri uygun stratejik bir konuma sahiptir<\/p>\n\n\t\t<div\n\t\t\t class=\"mga_building_map__map moveUp wf_leaflet_map\"\n\t\t\t id=\"cd-google-map\"\n\t\t\t data-pins='[[\"43.2297215\",\"27.9605101\",false,false],[\"43.218688\",\"27.945563\",\"https:\\\/\\\/mgagroup.bg\\\/wp-content\\\/uploads\\\/2023\\\/04\\\/mga-palace-sold.png\",\"https:\\\/\\\/mgagroup.bg\\\/tr\\\/building\\\/palace\\\/\"],[\"43.225076\",\"27.950673\",\"https:\\\/\\\/mgagroup.bg\\\/wp-content\\\/uploads\\\/2023\\\/04\\\/medica.png\",\"https:\\\/\\\/mgagroup.bg\\\/tr\\\/building\\\/medica\\\/\"],[\"43.2403284\",\"27.9821216\",\"https:\\\/\\\/mgagroup.bg\\\/wp-content\\\/uploads\\\/2022\\\/07\\\/saint-pavlos-pin.png\",\"https:\\\/\\\/mgagroup.bg\\\/tr\\\/building\\\/saint-pavlos\\\/\"],[\"43.2449212\",\"27.9762003\",\"https:\\\/\\\/mgagroup.bg\\\/wp-content\\\/uploads\\\/2023\\\/05\\\/saint-nicola-sale.png\",\"https:\\\/\\\/mgagroup.bg\\\/tr\\\/building\\\/saint-nicola\\\/\"],[\"\",\"\",\"https:\\\/\\\/mgagroup.bg\\\/wp-content\\\/uploads\\\/2025\\\/08\\\/mga-park-sofia-sale.png\",\"https:\\\/\\\/mgagroup.bg\\\/tr\\\/building\\\/mga-park-sofia\\\/\"],[\"43.243413\",\"27.849516\",\"https:\\\/\\\/mgagroup.bg\\\/wp-content\\\/uploads\\\/2022\\\/07\\\/v-park-1.png\",\"https:\\\/\\\/mgagroup.bg\\\/tr\\\/building\\\/v-park-1\\\/\"],[\"43.243463\",\"27.849391\",\"https:\\\/\\\/mgagroup.bg\\\/wp-content\\\/uploads\\\/2023\\\/05\\\/vi-park-2-sale.png\",\"https:\\\/\\\/mgagroup.bg\\\/tr\\\/building\\\/v-park-2\\\/\"],[\"43.243463\",\"27.849391\",\"https:\\\/\\\/mgagroup.bg\\\/wp-content\\\/uploads\\\/2025\\\/02\\\/vpark-3-sold.png\",\"https:\\\/\\\/mgagroup.bg\\\/tr\\\/building\\\/v-park-3\\\/\"],[\"\",\"\",\"https:\\\/\\\/mgagroup.bg\\\/wp-content\\\/uploads\\\/2025\\\/06\\\/v-park-4-sale.png\",\"https:\\\/\\\/mgagroup.bg\\\/tr\\\/building\\\/v-park-4\\\/\"],[\"43.2528568\",\"27.8504093\",\"https:\\\/\\\/mgagroup.bg\\\/wp-content\\\/uploads\\\/2024\\\/04\\\/v-park-5-sale.png\",\"https:\\\/\\\/mgagroup.bg\\\/tr\\\/building\\\/millennium\\\/\"],[\"43.2175419\",\"27.9219548\",\"https:\\\/\\\/mgagroup.bg\\\/wp-content\\\/uploads\\\/2024\\\/04\\\/tsarevets-sale.png\",\"https:\\\/\\\/mgagroup.bg\\\/tr\\\/building\\\/tsarevets\\\/\"],[\"43.214438\",\"27.901438\",\"https:\\\/\\\/mgagroup.bg\\\/wp-content\\\/uploads\\\/2023\\\/04\\\/flora.png\",\"https:\\\/\\\/mgagroup.bg\\\/tr\\\/building\\\/flora\\\/\"]]'\t\t\t style=\"height:614px;\"\n\t\t\t data-zoom=\"13\">\n\t\t<\/div>\n\t<\/div><!-- \/.shell -->\n<\/section><!-- \/.mga_building_map -->\n\n","protected":false},"excerpt":{"rendered":"","protected":false},"author":4,"featured_media":0,"parent":0,"menu_order":0,"comment_status":"closed","ping_status":"closed","template":"","meta":{"footnotes":""},"yst_prominent_words":[],"class_list":["post-9227","page","type-page","status-publish","hentry"],"acf":[],"_links":{"self":[{"href":"https:\/\/mgagroup.bg\/tr\/wp-json\/wp\/v2\/pages\/9227","targetHints":{"allow":["GET"]}}],"collection":[{"href":"https:\/\/mgagroup.bg\/tr\/wp-json\/wp\/v2\/pages"}],"about":[{"href":"https:\/\/mgagroup.bg\/tr\/wp-json\/wp\/v2\/types\/page"}],"author":[{"embeddable":true,"href":"https:\/\/mgagroup.bg\/tr\/wp-json\/wp\/v2\/users\/4"}],"replies":[{"embeddable":true,"href":"https:\/\/mgagroup.bg\/tr\/wp-json\/wp\/v2\/comments?post=9227"}],"version-history":[{"count":0,"href":"https:\/\/mgagroup.bg\/tr\/wp-json\/wp\/v2\/pages\/9227\/revisions"}],"wp:attachment":[{"href":"https:\/\/mgagroup.bg\/tr\/wp-json\/wp\/v2\/media?parent=9227"}],"wp:term":[{"taxonomy":"yst_prominent_words","embeddable":true,"href":"https:\/\/mgagroup.bg\/tr\/wp-json\/wp\/v2\/yst_prominent_words?post=9227"}],"curies":[{"name":"wp","href":"https:\/\/api.w.org\/{rel}","templated":true}]}}