{"id":9228,"date":"2022-07-17T12:03:42","date_gmt":"2022-07-17T12:03:42","guid":{"rendered":"https:\/\/mgagroup.bg\/blog\/"},"modified":"2023-10-18T14:14:26","modified_gmt":"2023-10-18T14:14:26","slug":"blog","status":"publish","type":"page","link":"https:\/\/mgagroup.bg\/tr\/blog\/","title":{"rendered":"MGA&#8217;da Yenilikler"},"content":{"rendered":"<section class=\"mga_top_bread\">\n\t<div class=\"holdd\">\n\t\t\t\t\t<img decoding=\"async\" class=\"image\" src=\"https:\/\/mgagroup.bg\/wp-content\/uploads\/2023\/04\/footer-bg.jpg\" alt=\"MGA&#8217;da Yenilikler - Investment Company\" \/>\n\t\t\n\t\t<div class=\"shell\">\n\t\t\t<a href=\"https:\/\/mgagroup.bg\/tr\" class=\"back\">\t<svg xmlns=\"http:\/\/www.w3.org\/2000\/svg\" class=\"i i-arrow-2 class\">\n\t    <use xlink:href=\"https:\/\/mgagroup.bg\/wp-content\/themes\/mga\/images\/sprite.svg#arrow-2\"><\/use>\n\t<\/svg>\n\tAna Sayfaya D\u00f6n<\/a>\n\n\t\t\t<div class=\"top_bread__t\">\n\t\t\t\t<h2>MGA Group<\/h2>\n\n\t\t\t\t<h1>MGA&#8217;da Yenilikler<\/h1>\n\n\t\t\t\t<ul class=\"breadcrumb breadcrumb__2\">\n\t\t\t\t\t<li>\n\t\t\t\t\t\t<a href=\"https:\/\/mgagroup.bg\/\">MGA Group<\/a>\n\t\t\t\t\t<\/li>\n\n\t\t\t\t\t<li>\n\t\t\t\t\t\tMGA&#8217;da Yenilikler\t\t\t\t\t<\/li>\n\t\t\t\t<\/ul><!-- \/.breadcrumb -->\n\t\t\t<\/div><!-- \/.top_bread__t -->\n\t\t<\/div><!-- \/.shell -->\n\t<\/div><!-- \/.holdd -->\n<\/section><!-- \/.mga_top_bread -->\n\n<section class=\"mga_blog\">\n\t<div class=\"shell\">\n\t\t<h2 class=\"tt\"><\/h2>\n\t\t\n\t\t<div class=\"grid\">\n\t\t\t\n\t\t\t    \n<div class=\"mga_blog_post\">\n\t\t\t<a href=\"https:\/\/mgagroup.bg\/tr\/saint-nicola-konut-binasinda-ilk-kazma-varna-da-insaat-basladi\/\">\n\t\t\t<img decoding=\"async\" src=\"https:\/\/mgagroup.bg\/wp-content\/uploads\/2026\/03\/saint-nikola-2.jpeg\" alt=\"Saint Nicola Konut Binas\u0131nda \u0130lk Kazma \u2013 Varna\u2019da \u0130n\u015faat Ba\u015flad\u0131\" \/>\n\t\t<\/a>\n\t\n\t<div>\n\t\t<h2>\n\t\t\t<a href=\"https:\/\/mgagroup.bg\/tr\/saint-nicola-konut-binasinda-ilk-kazma-varna-da-insaat-basladi\/\">\n\t\t\t\tSaint Nicola Konut Binas\u0131nda \u0130lk Kazma \u2013 Varna\u2019da \u0130n\u015faat Ba\u015flad\u0131\t\t\t<\/a>\n\t\t<\/h2>\n\n\t\t<p>\n\t\t\t09.03 tarihinde yeni St Nicola projesinin resmi ba\u015flang\u0131c\u0131, t\u00f6ren niteli\u011finde ger\u00e7ekle\u015ftirilen temel atma seremonisi ile&#8230; \n\t\t<\/p>\n\n\t\t<span>12 Mart 2026<\/span>\n\t<\/div>\n<\/div><!-- \/.mga_blog_post -->\t\t\t  \n\t\t\t\n\t\t\t    \n<div class=\"mga_blog_post\">\n\t\t\t<a href=\"https:\/\/mgagroup.bg\/tr\/mga-group-pfc-cherno-more-u-destekliyor\/\">\n\t\t\t<img decoding=\"async\" src=\"https:\/\/mgagroup.bg\/wp-content\/uploads\/2026\/01\/cherno_more_best_frame.jpg\" alt=\"MGA Group \u2013 PFC Cherno More\u2019u destekliyor\" \/>\n\t\t<\/a>\n\t\n\t<div>\n\t\t<h2>\n\t\t\t<a href=\"https:\/\/mgagroup.bg\/tr\/mga-group-pfc-cherno-more-u-destekliyor\/\">\n\t\t\t\tMGA Group \u2013 PFC Cherno More\u2019u destekliyor\t\t\t<\/a>\n\t\t<\/h2>\n\n\t\t<p>\n\t\t\tMGA Group, insanlar\u0131 bir araya getiren, karakter geli\u015ftiren ve topluluk olu\u015fturan sporu desteklemektedir. Gururla belirtiriz&#8230; \n\t\t<\/p>\n\n\t\t<span>26 Ocak 2026<\/span>\n\t<\/div>\n<\/div><!-- \/.mga_blog_post -->\t\t\t  \n\t\t\t\n\t\t\t    \n<div class=\"mga_blog_post\">\n\t\t\t<a href=\"https:\/\/mgagroup.bg\/tr\/mga-group-varnada-yelken-sporunu\/\">\n\t\t\t<img decoding=\"async\" src=\"https:\/\/mgagroup.bg\/wp-content\/uploads\/2025\/09\/mga-regata-cup-1.jpeg\" alt=\"MGA Group, Varna\u2019da yelken sporunu destekliyor: \u00fc\u00e7 y\u0131ll\u0131k \u015fampiyonluk giri\u015fimi\" \/>\n\t\t<\/a>\n\t\n\t<div>\n\t\t<h2>\n\t\t\t<a href=\"https:\/\/mgagroup.bg\/tr\/mga-group-varnada-yelken-sporunu\/\">\n\t\t\t\tMGA Group, Varna\u2019da yelken sporunu destekliyor: \u00fc\u00e7 y\u0131ll\u0131k \u015fampiyonluk giri\u015fimi\t\t\t<\/a>\n\t\t<\/h2>\n\n\t\t<p>\n\t\t\tR\u00fczg\u00e2r, deniz ve spor ruhu \u2013 bunlar, MGA Group ile Varna\u2019daki yelken sporunu bir araya&#8230; \n\t\t<\/p>\n\n\t\t<span>26 Eyl\u00fcl 2025<\/span>\n\t<\/div>\n<\/div><!-- \/.mga_blog_post -->\t\t\t  \n\t\t\t\n\t\t\t    \n<div class=\"mga_blog_post\">\n\t\t\t<a href=\"https:\/\/mgagroup.bg\/tr\/v-park-2-nin-temel-atma-toreni\/\">\n\t\t\t<img decoding=\"async\" src=\"https:\/\/mgagroup.bg\/wp-content\/uploads\/2025\/03\/purva-kopka-v-park-2-scaled.jpg\" alt=\"V Park 2\u2019nin Temel Atma T\u00f6reni\" \/>\n\t\t<\/a>\n\t\n\t<div>\n\t\t<h2>\n\t\t\t<a href=\"https:\/\/mgagroup.bg\/tr\/v-park-2-nin-temel-atma-toreni\/\">\n\t\t\t\tV Park 2\u2019nin Temel Atma T\u00f6reni\t\t\t<\/a>\n\t\t<\/h2>\n\n\t\t<p>\n\t\t\tV Park 2\u2019nin in\u015fas\u0131na, modern mimarisi, konforu ve i\u015flevselli\u011fiyle kentsel \u00e7evreyi zenginle\u015ftirecek yeni bir konut&#8230; \n\t\t<\/p>\n\n\t\t<span>27 Mart 2025<\/span>\n\t<\/div>\n<\/div><!-- \/.mga_blog_post -->\t\t\t  \n\t\t\t\n\t\t\t    \n<div class=\"mga_blog_post\">\n\t\t\t<a href=\"https:\/\/mgagroup.bg\/tr\/mga-home-design\/\">\n\t\t\t<img decoding=\"async\" src=\"https:\/\/mgagroup.bg\/wp-content\/uploads\/2024\/12\/mga-home-design-19.jpeg\" alt=\"MGA Home Design: Ya\u015fam Alanlar\u0131n\u0131z\u0131 Yeniden \u015eekillendiriyor\" \/>\n\t\t<\/a>\n\t\n\t<div>\n\t\t<h2>\n\t\t\t<a href=\"https:\/\/mgagroup.bg\/tr\/mga-home-design\/\">\n\t\t\t\tMGA Home Design: Ya\u015fam Alanlar\u0131n\u0131z\u0131 Yeniden \u015eekillendiriyor\t\t\t<\/a>\n\t\t<\/h2>\n\n\t\t<p>\n\t\t\tFikirden M\u00fckemmel Bir Eve MGA Home Design&#8217;da inan\u0131yoruz ki ev yaratmak sadece bir in\u015faat i\u015fi&#8230; \n\t\t<\/p>\n\n\t\t<span>19 Aral\u0131k 2024<\/span>\n\t<\/div>\n<\/div><!-- \/.mga_blog_post -->\t\t\t  \n\t\t\t\n\t\t\t    \n<div class=\"mga_blog_post\">\n\t\t\t<a href=\"https:\/\/mgagroup.bg\/tr\/medica-binasinin-insaatindaki-ilerleme\/\">\n\t\t\t<img decoding=\"async\" src=\"https:\/\/mgagroup.bg\/wp-content\/uploads\/2023\/04\/mga-medica-napredak-v-stroeja-2.jpg\" alt=\"Medica Binas\u0131n\u0131n \u0130n\u015faat\u0131ndaki \u0130lerleme\" \/>\n\t\t<\/a>\n\t\n\t<div>\n\t\t<h2>\n\t\t\t<a href=\"https:\/\/mgagroup.bg\/tr\/medica-binasinin-insaatindaki-ilerleme\/\">\n\t\t\t\tMedica Binas\u0131n\u0131n \u0130n\u015faat\u0131ndaki \u0130lerleme\t\t\t<\/a>\n\t\t<\/h2>\n\n\t\t<p>\n\t\t\tT\u0131bbi kompleksin bat\u0131s\u0131ndaki Peace Street&#8217;te yer alan Medica binas\u0131n\u0131n in\u015faat\u0131nda \u00f6nemli bir ilerleme kaydedildi\u011fini memnuniyetle&#8230; \n\t\t<\/p>\n\n\t\t<span>16 Temmuz 2024<\/span>\n\t<\/div>\n<\/div><!-- \/.mga_blog_post -->\t\t\t  \n\t\t\t\n\t\t\t    \n<div class=\"mga_blog_post\">\n\t\t\t<a href=\"https:\/\/mgagroup.bg\/tr\/v-park-1-binasinin-insaatindaki-ilerleme\/\">\n\t\t\t<img decoding=\"async\" src=\"https:\/\/mgagroup.bg\/wp-content\/uploads\/2022\/07\/mga-v-park-1-napredak-v-stroeja.jpg\" alt=\"V Park 1 Binas\u0131n\u0131n \u0130n\u015faat\u0131ndaki \u0130lerleme\" \/>\n\t\t<\/a>\n\t\n\t<div>\n\t\t<h2>\n\t\t\t<a href=\"https:\/\/mgagroup.bg\/tr\/v-park-1-binasinin-insaatindaki-ilerleme\/\">\n\t\t\t\tV Park 1 Binas\u0131n\u0131n \u0130n\u015faat\u0131ndaki \u0130lerleme\t\t\t<\/a>\n\t\t<\/h2>\n\n\t\t<p>\n\t\t\tV Park 1 binas\u0131n\u0131n in\u015faat\u0131nda \u00f6nemli bir ilerleme kaydedildi\u011fini memnuniyetle bildiririz. Varna&#8217;daki Third March Bulvar\u0131&#8217;nda&#8230; \n\t\t<\/p>\n\n\t\t<span>16 Temmuz 2024<\/span>\n\t<\/div>\n<\/div><!-- \/.mga_blog_post -->\t\t\t  \n\t\t\t\n\t\t\t    \n<div class=\"mga_blog_post\">\n\t\t\t<a href=\"https:\/\/mgagroup.bg\/tr\/mga-group-bagislar\/\">\n\t\t\t<img decoding=\"async\" src=\"https:\/\/mgagroup.bg\/wp-content\/uploads\/2024\/05\/mgagroup-donation-africa-nigeriya-4.jpeg\" alt=\"S\u0131n\u0131rs\u0131z \u0130n\u015faat ve Hay\u0131rseverlik\" \/>\n\t\t<\/a>\n\t\n\t<div>\n\t\t<h2>\n\t\t\t<a href=\"https:\/\/mgagroup.bg\/tr\/mga-group-bagislar\/\">\n\t\t\t\tS\u0131n\u0131rs\u0131z \u0130n\u015faat ve Hay\u0131rseverlik\t\t\t<\/a>\n\t\t<\/h2>\n\n\t\t<p>\n\t\t\t\u00c7ocuklara Destek Vererek Gelece\u011fi De\u011fi\u015ftiriyoruz: MGA&#8217;n\u0131n Afrika&#8217;daki Temiz Su Misyonu Her biri 16 muslukla donat\u0131lm\u0131\u015f&#8230; \n\t\t<\/p>\n\n\t\t<span>02 May\u0131s 2024<\/span>\n\t<\/div>\n<\/div><!-- \/.mga_blog_post -->\t\t\t  \n\t\t\t\n\t\t\t    \n<div class=\"mga_blog_post\">\n\t\t\t<a href=\"https:\/\/mgagroup.bg\/tr\/v-park-2-ilk-kazma\/\">\n\t\t\t<img decoding=\"async\" src=\"https:\/\/mgagroup.bg\/wp-content\/uploads\/2024\/04\/purva-kopka-video-v-park-2-2.jpeg\" alt=\"V Park 2 \u0130lk Kazma\" \/>\n\t\t<\/a>\n\t\n\t<div>\n\t\t<h2>\n\t\t\t<a href=\"https:\/\/mgagroup.bg\/tr\/v-park-2-ilk-kazma\/\">\n\t\t\t\tV Park 2 \u0130lk Kazma\t\t\t<\/a>\n\t\t<\/h2>\n\n\t\t<p>\n\t\t\tHeyecan verici bir etkinlik, \u015fehrin mimari sil\u00fcetinde yeni bir d\u00f6n\u00fcm noktas\u0131 olmas\u0131 beklenen yeni konut&#8230; \n\t\t<\/p>\n\n\t\t<span>03 Nisan 2024<\/span>\n\t<\/div>\n<\/div><!-- \/.mga_blog_post -->\t\t\t  \n\t\t\t\n\t\t\t    \n<div class=\"mga_blog_post\">\n\t\t\t<a href=\"https:\/\/mgagroup.bg\/tr\/mga-palace-taki-genel-alanlari-yeni-tamamladik\/\">\n\t\t\t<img decoding=\"async\" src=\"https:\/\/mgagroup.bg\/wp-content\/uploads\/2023\/04\/mga-palace-12.jpg\" alt=\"MGA Palace&#8217;taki genel alanlar\u0131 yeni tamamlad\u0131k\" \/>\n\t\t<\/a>\n\t\n\t<div>\n\t\t<h2>\n\t\t\t<a href=\"https:\/\/mgagroup.bg\/tr\/mga-palace-taki-genel-alanlari-yeni-tamamladik\/\">\n\t\t\t\tMGA Palace&#8217;taki genel alanlar\u0131 yeni tamamlad\u0131k\t\t\t<\/a>\n\t\t<\/h2>\n\n\t\t<p>\n\t\t\tVarna \u015fehrinin EN \u0130Y\u0130 yerlerinden sadece birka\u00e7 metre uzakta huzurlu bir ya\u015fam s\u00fcrmek. Tam olarak&#8230; \n\t\t<\/p>\n\n\t\t<span>19 Haziran 2022<\/span>\n\t<\/div>\n<\/div><!-- \/.mga_blog_post -->\t\t\t  \n\t\t\t\n\t\t\t    \n<div class=\"mga_blog_post\">\n\t\t\t<a href=\"https:\/\/mgagroup.bg\/tr\/yakinda-bekleyin-bu-kasim-da-mga-palace-ta-akt-16\/\">\n\t\t\t<img decoding=\"async\" src=\"https:\/\/mgagroup.bg\/wp-content\/uploads\/2023\/04\/mga-palace-7.jpeg\" alt=\"Yak\u0131nda bekleyin: Bu Kas\u0131m&#8217;da MGA Palace&#8217;ta Akt 16\" \/>\n\t\t<\/a>\n\t\n\t<div>\n\t\t<h2>\n\t\t\t<a href=\"https:\/\/mgagroup.bg\/tr\/yakinda-bekleyin-bu-kasim-da-mga-palace-ta-akt-16\/\">\n\t\t\t\tYak\u0131nda bekleyin: Bu Kas\u0131m&#8217;da MGA Palace&#8217;ta Akt 16\t\t\t<\/a>\n\t\t<\/h2>\n\n\t\t<p>\n\t\t\tBu belgenin al\u0131nmas\u0131 ile bina, yasaya g\u00f6re tamamlanm\u0131\u015f ve ya\u015famaya uygun olarak ilan edilir. E\u011fer&#8230; \n\t\t<\/p>\n\n\t\t<span>19 Haziran 2022<\/span>\n\t<\/div>\n<\/div><!-- \/.mga_blog_post -->\t\t\t  \n\t\t\t\n\t\t\t    \n<div class=\"mga_blog_post\">\n\t\t\t<a href=\"https:\/\/mgagroup.bg\/tr\/mga-flora-nin-satislari-sona-erdi-az-once-son-daireyi-sattik\/\">\n\t\t\t<img decoding=\"async\" src=\"https:\/\/mgagroup.bg\/wp-content\/uploads\/2023\/05\/mga-flora-building-7-scaled-e1684420785408.jpg\" alt=\"MGA Flora&#8217;n\u0131n sat\u0131\u015flar\u0131 sona erdi, az \u00f6nce son daireyi satt\u0131k\" \/>\n\t\t<\/a>\n\t\n\t<div>\n\t\t<h2>\n\t\t\t<a href=\"https:\/\/mgagroup.bg\/tr\/mga-flora-nin-satislari-sona-erdi-az-once-son-daireyi-sattik\/\">\n\t\t\t\tMGA Flora&#8217;n\u0131n sat\u0131\u015flar\u0131 sona erdi, az \u00f6nce son daireyi satt\u0131k\t\t\t<\/a>\n\t\t<\/h2>\n\n\t\t<p>\n\t\t\tMGA Medica konut binas\u0131, modern in\u015faat standartlar\u0131na uygun \u00e7a\u011fda\u015f mimarisi ile dikkat \u00e7ekiyor. Projeye yat\u0131r\u0131lan&#8230; \n\t\t<\/p>\n\n\t\t<span>19 Haziran 2022<\/span>\n\t<\/div>\n<\/div><!-- \/.mga_blog_post -->\t\t\t  \n\t\t\t  \n\t\t<\/div><!-- \/.grid --> \n\t<\/div><!-- \/.shell -->\n<\/section><!-- \/.mga_last_news -->\n\n\n","protected":false},"excerpt":{"rendered":"","protected":false},"author":4,"featured_media":0,"parent":0,"menu_order":0,"comment_status":"closed","ping_status":"closed","template":"","meta":{"footnotes":""},"yst_prominent_words":[],"class_list":["post-9228","page","type-page","status-publish","hentry"],"acf":[],"_links":{"self":[{"href":"https:\/\/mgagroup.bg\/tr\/wp-json\/wp\/v2\/pages\/9228","targetHints":{"allow":["GET"]}}],"collection":[{"href":"https:\/\/mgagroup.bg\/tr\/wp-json\/wp\/v2\/pages"}],"about":[{"href":"https:\/\/mgagroup.bg\/tr\/wp-json\/wp\/v2\/types\/page"}],"author":[{"embeddable":true,"href":"https:\/\/mgagroup.bg\/tr\/wp-json\/wp\/v2\/users\/4"}],"replies":[{"embeddable":true,"href":"https:\/\/mgagroup.bg\/tr\/wp-json\/wp\/v2\/comments?post=9228"}],"version-history":[{"count":0,"href":"https:\/\/mgagroup.bg\/tr\/wp-json\/wp\/v2\/pages\/9228\/revisions"}],"wp:attachment":[{"href":"https:\/\/mgagroup.bg\/tr\/wp-json\/wp\/v2\/media?parent=9228"}],"wp:term":[{"taxonomy":"yst_prominent_words","embeddable":true,"href":"https:\/\/mgagroup.bg\/tr\/wp-json\/wp\/v2\/yst_prominent_words?post=9228"}],"curies":[{"name":"wp","href":"https:\/\/api.w.org\/{rel}","templated":true}]}}