{"id":9230,"date":"2022-07-11T06:20:21","date_gmt":"2022-07-11T06:20:21","guid":{"rendered":"https:\/\/mgagroup.bg\/za-nas\/"},"modified":"2023-10-18T14:16:24","modified_gmt":"2023-10-18T14:16:24","slug":"hakkimizda","status":"publish","type":"page","link":"https:\/\/mgagroup.bg\/tr\/hakkimizda\/","title":{"rendered":"Hakk\u0131m\u0131zda"},"content":{"rendered":"<section class=\"mga_top_bread\">\n\t<div class=\"holdd\">\n\t\t\t\t\t<img decoding=\"async\" class=\"image\" src=\"https:\/\/mgagroup.bg\/wp-content\/uploads\/2023\/04\/footer-bg.jpg\" alt=\"Hakk\u0131m\u0131zda - Investment Company\" \/>\n\t\t\n\t\t<div class=\"shell\">\n\t\t\t<a href=\"https:\/\/mgagroup.bg\/tr\" class=\"back\">\t<svg xmlns=\"http:\/\/www.w3.org\/2000\/svg\" class=\"i i-arrow-2 class\">\n\t    <use xlink:href=\"https:\/\/mgagroup.bg\/wp-content\/themes\/mga\/images\/sprite.svg#arrow-2\"><\/use>\n\t<\/svg>\n\tAna Sayfaya D\u00f6n<\/a>\n\n\t\t\t<div class=\"top_bread__t\">\n\t\t\t\t<h2>MGA Group<\/h2>\n\n\t\t\t\t<h1>Hakk\u0131m\u0131zda<\/h1>\n\n\t\t\t\t<ul class=\"breadcrumb breadcrumb__2\">\n\t\t\t\t\t<li>\n\t\t\t\t\t\t<a href=\"https:\/\/mgagroup.bg\/\">MGA Group<\/a>\n\t\t\t\t\t<\/li>\n\n\t\t\t\t\t<li>\n\t\t\t\t\t\tHakk\u0131m\u0131zda\t\t\t\t\t<\/li>\n\t\t\t\t<\/ul><!-- \/.breadcrumb -->\n\t\t\t<\/div><!-- \/.top_bread__t -->\n\t\t<\/div><!-- \/.shell -->\n\t<\/div><!-- \/.holdd -->\n<\/section><!-- \/.mga_top_bread -->\n\n\n<section class=\"mga_about \">\n\t<div class=\"shell\">\n\t\t<div class=\"block\">\n\t\t\t<div class=\"l\">\n\t\t\t\t<span>MGA Group<\/span>\n\n\t\t\t\t<h2>Biz Kimiz ve Ne Yap\u0131yoruz?<\/h2>\n\n\t\t\t\t<p>Ali Ogul ve Milen Bak\u0131rdzhiev &#8211; 2007 y\u0131l\u0131nda ba\u015flayan 16 y\u0131ll\u0131k i\u015f ortakl\u0131\u011f\u0131na dayanan T\u00fcrk-Bulgar ortakl\u0131\u011f\u0131.<\/p>\n<p>Ana hedefimiz, b\u00fcy\u00fck \u00f6l\u00e7ekli yat\u0131r\u0131m projeleri in\u015fa etmektir ve \u015fu anda Varna \u015fehrinde birka\u00e7 ba\u015far\u0131yla tamamlanm\u0131\u015f bina ile sahibiz. Binalar\u0131n in\u015faat\u0131, dikkatli planlama ve \u00e7\u00f6z\u00fcm bulmay\u0131 gerektirir. Bu, sahip oldu\u011fumuz y\u00fcksek nitelikli profesyonel ekip sayesinde m\u00fcmk\u00fcnd\u00fcr ve m\u00fckemmel profesyonel itibar\u0131m\u0131z bu ekibe bor\u00e7ludur.<\/p>\n\t\t\t<\/div><!-- \/.l -->\n\n\t\t\t<div class=\"r\">\n\t\t\t\t\t\t\t\t\t<img decoding=\"async\" src=\"https:\/\/mgagroup.bg\/wp-content\/uploads\/2023\/05\/mgagroup-team-scaled.jpg\" alt=\"\u0130lkeleri MGA GROUP\" \/>\n\t\t\t\t\t\t\t<\/div><!-- \/.r -->\n\t\t<\/div><!-- \/.block -->\n\t<\/div><!-- \/.shell -->\n<\/section><!-- \/.mga_about -->\n\n\n<section class=\"about_info_sec\">\n\t<picture>\n\t\t<source srcset=\"https:\/\/mgagroup.bg\/wp-content\/uploads\/2023\/05\/mgagroup-office-5-scaled.jpg\" media=\"(min-width: 767px)\">\n\t\t<img src=\"https:\/\/mgagroup.bg\/wp-content\/uploads\/2023\/05\/mgagroup-office-5-scaled.jpg\" loading=\"lazy\" decoding=\"async\" alt=\"Misyonu MGA GROUP\" \/>\n\t<\/picture>\n\n\t<div class=\"hold\">\n\t\t<h3>L\u00dcKS B\u0130NALARIN KAL\u0130TEL\u0130 \u0130N\u015eAATI S\u0130Z\u0130N KONFORUNUZ \u0130\u00c7\u0130N<\/h3>\n\n\t\t<h2>MGA Group\u2019un Misyonu ve \u0130lkeleri<\/h2>\n\n\t\t<p>Her projenin arkas\u0131nda y\u0131llarca ara\u015ft\u0131rma, planlama ve \u00f6n haz\u0131rl\u0131k vard\u0131r. Misyonumuz, sekt\u00f6rdeki en yenilik\u00e7i in\u015faat\u00e7\u0131 olarak \u00f6ne \u00e7\u0131kmak, her zaman mant\u0131kl\u0131, haz\u0131rl\u0131kl\u0131 ve binalar\u0131na sadece en iyisini yat\u0131r\u0131m yapmakt\u0131r. Bu y\u00fczden ana yat\u0131r\u0131mlar\u0131m\u0131z\u0131, t\u00fcm modern olanaklar\u0131 sunan l\u00fcks komplekslerin in\u015fas\u0131na yap\u0131yoruz.<\/p>\n\t\t\n\t\t\t<a href=\"#history\" class=\"scroll_down\">\n\t\t\t\t<svg xmlns=\"http:\/\/www.w3.org\/2000\/svg\" class=\"i i-down top\">\n\t    <use xlink:href=\"https:\/\/mgagroup.bg\/wp-content\/themes\/mga\/images\/sprite.svg#down\"><\/use>\n\t<\/svg>\n\t\t\t\t\t<svg xmlns=\"http:\/\/www.w3.org\/2000\/svg\" class=\"i i-down bot\">\n\t    <use xlink:href=\"https:\/\/mgagroup.bg\/wp-content\/themes\/mga\/images\/sprite.svg#down\"><\/use>\n\t<\/svg>\n\t\t\t<\/a>\n\n\t\t\n\t<\/div><!-- \/.hold -->\n<\/section><!-- \/.about_info_sec -->\n\n\n<section class=\"partners\">\n\t<div class=\"shell\">\n\t\t<h3>L\u00fcks binalar\u0131n kaliteli in\u015faat\u0131 sizin konforunuz i\u00e7in<\/h3>\n\n\t\t<h2>MGA Ortaklar\u0131<\/h2>\n\n\t\t<div class=\"partners__grid\">\n\t\t\t\t\t\t\n\t\t\t        <a target=\"_blank\" href=\"\">\n\t\t\t       \t\t<img decoding=\"async\" src=\"https:\/\/mgagroup.bg\/wp-content\/uploads\/2023\/04\/web-factor.png\" alt=\"Array echo ' - '; echo get_bloginfo('name');\" \/>\n\t\t\t        <\/a>\n\t\t\t\n\t\t\t  \t\t<\/div><!-- \/.partner_slide -->\n\t<\/div><!-- \/.shell -->\n<\/section><!-- \/.partners -->\n\n\n<div class=\"post-gallery pop\">\n\t\t        \t                <a href=\"https:\/\/mgagroup.bg\/wp-content\/uploads\/2023\/05\/mgagroup-office-scaled.jpg\">\n\t                     <img decoding=\"async\" src=\"https:\/\/mgagroup.bg\/wp-content\/uploads\/2023\/05\/mgagroup-office-540x321.jpg\" loading=\"lazy\" alt=\"\" \/>\n\t                <\/a>\n\t        \t\t                <a href=\"https:\/\/mgagroup.bg\/wp-content\/uploads\/2023\/05\/mgagroup-office-3-scaled.jpg\">\n\t                     <img decoding=\"async\" src=\"https:\/\/mgagroup.bg\/wp-content\/uploads\/2023\/05\/mgagroup-office-3-540x321.jpg\" loading=\"lazy\" alt=\"\" \/>\n\t                <\/a>\n\t        \t\t                <a href=\"https:\/\/mgagroup.bg\/wp-content\/uploads\/2023\/05\/mgagroup-office-2-scaled.jpg\">\n\t                     <img decoding=\"async\" src=\"https:\/\/mgagroup.bg\/wp-content\/uploads\/2023\/05\/mgagroup-office-2-540x321.jpg\" loading=\"lazy\" alt=\"\" \/>\n\t                <\/a>\n\t        \t\t                <a href=\"https:\/\/mgagroup.bg\/wp-content\/uploads\/2023\/05\/mgagroup-office-5-scaled.jpg\">\n\t                     <img decoding=\"async\" src=\"https:\/\/mgagroup.bg\/wp-content\/uploads\/2023\/05\/mgagroup-office-5-540x321.jpg\" loading=\"lazy\" alt=\"\" \/>\n\t                <\/a>\n\t        \t\t                <a href=\"https:\/\/mgagroup.bg\/wp-content\/uploads\/2023\/05\/mgagroup-office-6-scaled.jpg\">\n\t                     <img decoding=\"async\" src=\"https:\/\/mgagroup.bg\/wp-content\/uploads\/2023\/05\/mgagroup-office-6-540x321.jpg\" loading=\"lazy\" alt=\"\" \/>\n\t                <\/a>\n\t        \t\t                <a href=\"https:\/\/mgagroup.bg\/wp-content\/uploads\/2023\/05\/mgagroup-office-7-scaled.jpg\">\n\t                     <img decoding=\"async\" src=\"https:\/\/mgagroup.bg\/wp-content\/uploads\/2023\/05\/mgagroup-office-7-540x321.jpg\" loading=\"lazy\" alt=\"\" \/>\n\t                <\/a>\n\t        \t\t                <a href=\"https:\/\/mgagroup.bg\/wp-content\/uploads\/2023\/05\/mgagroup-office-8-scaled.jpg\">\n\t                     <img decoding=\"async\" src=\"https:\/\/mgagroup.bg\/wp-content\/uploads\/2023\/05\/mgagroup-office-8-540x321.jpg\" loading=\"lazy\" alt=\"\" \/>\n\t                <\/a>\n\t        \t\t                <a href=\"https:\/\/mgagroup.bg\/wp-content\/uploads\/2023\/05\/mgagroup-office-9-scaled.jpg\">\n\t                     <img decoding=\"async\" src=\"https:\/\/mgagroup.bg\/wp-content\/uploads\/2023\/05\/mgagroup-office-9-540x321.jpg\" loading=\"lazy\" alt=\"\" \/>\n\t                <\/a>\n\t        \t\t                <a href=\"https:\/\/mgagroup.bg\/wp-content\/uploads\/2023\/05\/mgagroup-office-10-scaled.jpg\">\n\t                     <img decoding=\"async\" src=\"https:\/\/mgagroup.bg\/wp-content\/uploads\/2023\/05\/mgagroup-office-10-540x321.jpg\" loading=\"lazy\" alt=\"\" \/>\n\t                <\/a>\n\t        \t\t                <a href=\"https:\/\/mgagroup.bg\/wp-content\/uploads\/2023\/05\/mgagroup-office-11-scaled.jpg\">\n\t                     <img decoding=\"async\" src=\"https:\/\/mgagroup.bg\/wp-content\/uploads\/2023\/05\/mgagroup-office-11-540x321.jpg\" loading=\"lazy\" alt=\"\" \/>\n\t                <\/a>\n\t        \t\t                <a href=\"https:\/\/mgagroup.bg\/wp-content\/uploads\/2023\/05\/mgagroup-office-12-scaled.jpg\">\n\t                     <img decoding=\"async\" src=\"https:\/\/mgagroup.bg\/wp-content\/uploads\/2023\/05\/mgagroup-office-12-540x321.jpg\" loading=\"lazy\" alt=\"\" \/>\n\t                <\/a>\n\t        \t\t                <a href=\"https:\/\/mgagroup.bg\/wp-content\/uploads\/2023\/05\/mgagroup-office-13-scaled.jpg\">\n\t                     <img decoding=\"async\" src=\"https:\/\/mgagroup.bg\/wp-content\/uploads\/2023\/05\/mgagroup-office-13-540x321.jpg\" loading=\"lazy\" alt=\"\" \/>\n\t                <\/a>\n\t        \t\t                <a href=\"https:\/\/mgagroup.bg\/wp-content\/uploads\/2023\/05\/mgagroup-office-14-scaled.jpg\">\n\t                     <img decoding=\"async\" src=\"https:\/\/mgagroup.bg\/wp-content\/uploads\/2023\/05\/mgagroup-office-14-540x321.jpg\" loading=\"lazy\" alt=\"\" \/>\n\t                <\/a>\n\t        \t\t                <a href=\"https:\/\/mgagroup.bg\/wp-content\/uploads\/2023\/05\/mgagroup-office-15-scaled.jpg\">\n\t                     <img decoding=\"async\" src=\"https:\/\/mgagroup.bg\/wp-content\/uploads\/2023\/05\/mgagroup-office-15-540x321.jpg\" loading=\"lazy\" alt=\"\" \/>\n\t                <\/a>\n\t        \t\t                <a href=\"https:\/\/mgagroup.bg\/wp-content\/uploads\/2023\/05\/mgagroup-office-4-scaled.jpg\">\n\t                     <img decoding=\"async\" src=\"https:\/\/mgagroup.bg\/wp-content\/uploads\/2023\/05\/mgagroup-office-4-540x321.jpg\" loading=\"lazy\" alt=\"\" \/>\n\t                <\/a>\n\t        \t\t<\/div><!-- \/.post-gallery -->\n\n\n\n<section class=\"mga_about his\">\n\t<div class=\"shell\">\n\t\t<div class=\"block\">\n\t\t\t<div class=\"l\">\n\t\t\t\t<span>MGA Tarihi<\/span>\n\n\t\t\t\t<h2>Bizi farkl\u0131 k\u0131lan nedir? Projelerimizi en iyi \u015fekilde ger\u00e7ekle\u015ftirmek i\u00e7in s\u0131k\u0131 \u00e7al\u0131\u015f\u0131yoruz!<\/h2>\n\n\t\t\t\t<p>Hikayemiz 16 y\u0131l \u00f6nce, l\u00fcks evler in\u015fa eden en iyi in\u015faat\u00e7\u0131 olma arzusu ile bir \u015firket kurma karar\u0131 alarak ba\u015flad\u0131. Ba\u015far\u0131m\u0131z\u0131n arkas\u0131ndaki \u015fey, en iyi profesyonellerden olu\u015fan profesyonel bir ekip ve s\u00fcrekli y\u00fcksek d\u00fczeyde organizasyonumuzdur.<\/p>\n\t\t\t<\/div><!-- \/.l -->\n\n\t\t\t<div class=\"r\">\n\t\t\t\t\t\t\t<\/div><!-- \/.r -->\n\t\t<\/div><!-- \/.block -->\n\t<\/div><!-- \/.shell -->\n<\/section><!-- \/.mga_about -->\n\n\n<section class=\"mga_history\" id=\"history\">\n\t<div class=\"shell\">\n\t\t<div class=\"mga_history__block\">\n\t\t\t<div class=\"container\">\n\t\t\t\t\n\t\t\t\t       \t\t<div class=\"item\">\n\t\t\t                    <div class=\"left\">\n\t\t\t                        2007\t\t\t                    <\/div><!-- \/.left -->\n\n\n\t\t\t                    <div class=\"right\">\n\t\t\t                        <div>\n\t\t\t                        \t<span>2007<\/span>\n\t\t\t                        \t\n\t\t\t                        \t<h2>\u0130novasyona Odaklanarak Geli\u015fmeye Devam Ediyoruz<\/h2>\n<p>Konforlu evler in\u015fa etmek bir \u00e7a\u011fr\u0131d\u0131r. En yeni \u00e7\u00f6z\u00fcmlere ve standartlara s\u00fcrekli bir aray\u0131\u015f. \u0130\u015fte bu MGA Group\u2019u rakiplerinden ay\u0131r\u0131r. Her zaman en yeni teknoloji ve malzemelere yat\u0131r\u0131m yapar\u0131z ve uzun servis \u00f6mr\u00fcne sahip l\u00fcks konutlar in\u015fa ederiz, g\u00f6r\u00fcn\u00fc\u015fleri y\u0131llarca modern, \u00e7a\u011fda\u015f ve ay\u0131rt edici kal\u0131r.<\/p>\n\t\t\t                        <\/div>\n\n\t\t\t\t\t\t\t\t\t<img decoding=\"async\" src=\"https:\/\/mgagroup.bg\/wp-content\/uploads\/2023\/05\/mgagroup-office-3-scaled.jpg\" alt=\"\" \/>\n\t\t\t                    <\/div><!-- \/.right -->\n\t\t\t                <\/div><!-- \/.item -->\n\t\t\t\t       \t\t\t\n\t\t\t\t\t  \n\t\t\t\t       \t\t<div class=\"item\">\n\t\t\t                    <div class=\"left\">\n\t\t\t                        2017\t\t\t                    <\/div><!-- \/.left -->\n\n\n\t\t\t                    <div class=\"right\">\n\t\t\t                        <div>\n\t\t\t                        \t<span>2017<\/span>\n\t\t\t                        \t\n\t\t\t                        \t<h2>\u0130lk Binam\u0131z\u0131 Tamamlad\u0131k<\/h2>\n<p>Bir\u00e7ok \u00e7aba harcad\u0131\u011f\u0131m\u0131z en cesur projelerimizden birini ba\u015far\u0131yla tamamlad\u0131k. Her bireysel gereksinimi ve ihtiyac\u0131 kar\u015f\u0131layacak, t\u00fcm modern olanaklar\u0131 sunacak bir \u015fey yaratt\u0131k.<\/p>\n\t\t\t                        <\/div>\n\n\t\t\t\t\t\t\t\t\t<img decoding=\"async\" src=\"https:\/\/mgagroup.bg\/wp-content\/uploads\/2022\/06\/imperial.jpg\" alt=\"\" \/>\n\t\t\t                    <\/div><!-- \/.right -->\n\t\t\t                <\/div><!-- \/.item -->\n\t\t\t\t       \t\t\t\n\t\t\t\t\t  \n\t\t\t\t       \t\t<div class=\"item\">\n\t\t\t                    <div class=\"left\">\n\t\t\t                        2018\t\t\t                    <\/div><!-- \/.left -->\n\n\n\t\t\t                    <div class=\"right\">\n\t\t\t                        <div>\n\t\t\t                        \t<span>2018<\/span>\n\t\t\t                        \t\n\t\t\t                        \t<h2>\u0130lk Projemizle Ba\u015flad\u0131k<\/h2>\n<p>Sadece bir r\u00fcyadan ve basit bir \u00e7izimden, l\u00fcks konut binas\u0131 MGA Medica aniden ger\u00e7e\u011fe d\u00f6n\u00fc\u015ft\u00fc. Bug\u00fcn kompleks tamamland\u0131 ve daireler t\u00fckendi. Konforlu bir ev in\u015fa etmeyi, uygun bir konumda t\u00fcm modern ya\u015fam olanaklar\u0131n\u0131 sunmay\u0131 ba\u015fard\u0131\u011f\u0131m\u0131z i\u00e7in gururluyuz.<\/p>\n\t\t\t                        <\/div>\n\n\t\t\t\t\t\t\t\t\t<img decoding=\"async\" src=\"https:\/\/mgagroup.bg\/wp-content\/uploads\/2023\/04\/mga-palace-10.jpg\" alt=\"\" \/>\n\t\t\t                    <\/div><!-- \/.right -->\n\t\t\t                <\/div><!-- \/.item -->\n\t\t\t\t       \t\t\t\n\t\t\t\t\t  \n\t\t\t\t       \t\t<div class=\"item\">\n\t\t\t                    <div class=\"left\">\n\t\t\t                        2020\t\t\t                    <\/div><!-- \/.left -->\n\n\n\t\t\t                    <div class=\"right\">\n\t\t\t                        <div>\n\t\t\t                        \t<span>2020<\/span>\n\t\t\t                        \t\n\t\t\t                        \t<h2>MGA Group \u0130n\u015faat \u015eirketinin Kurulmas\u0131<\/h2>\n<p>Ortak bir ama\u00e7la birle\u015fen ortaklar\u0131m\u0131zla \u2013 modern konut binalar\u0131 in\u015fa etmek, MGA Group\u2019u kurduk. \u015eirketin arkas\u0131nda, en iyi y\u00f6neticiler taraf\u0131ndan y\u00f6nlendirilen, y\u0131llar i\u00e7inde kan\u0131tlanm\u0131\u015f profesyonel bir ekip var. Misyonumuz: Herkes i\u00e7in kendi evini veya yat\u0131r\u0131m nesnesini arayanlar i\u00e7in en iyi \u00e7\u00f6z\u00fcm\u00fc sunmak.<\/p>\n\t\t\t                        <\/div>\n\n\t\t\t\t\t\t\t\t\t<img decoding=\"async\" src=\"https:\/\/mgagroup.bg\/wp-content\/uploads\/2022\/06\/flora.jpg\" alt=\"\" \/>\n\t\t\t                    <\/div><!-- \/.right -->\n\t\t\t                <\/div><!-- \/.item -->\n\t\t\t\t       \t\t\t\n\t\t\t\t\t  \t\t\t<\/div><!-- \/.container -->\n\t\t<\/div><!-- \/.mga_history__block -->\n\t<\/div><!-- \/.shell -->\n<\/section><!-- \/.mga_history -->\n\n\n\t\n<section class=\"mga_last_news\">\n\t<div class=\"shell\">\n\t\t\t\t\t<h2 class=\"t\"><span>Son<\/span> haberler<\/h2>\n\t\t\t\t\n\t\t<div class=\"grid\">\n\t\t\t\n<div class=\"mga_post\">\n\t<a href=\"https:\/\/mgagroup.bg\/tr\/saint-nicola-konut-binasinda-ilk-kazma-varna-da-insaat-basladi\/\">\n\t\t<img decoding=\"async\" src=\"https:\/\/mgagroup.bg\/wp-content\/uploads\/2026\/03\/saint-nikola-2-960x540.jpeg\" alt=\"\" \/>\n\t<\/a>\n\n\t<div>\n\t\t<a href=\"https:\/\/mgagroup.bg\/tr\/company\/mga-group-tr\/\">MGA Group<\/a>\n\n\t\t<h2>\n\t\t\t<a href=\"https:\/\/mgagroup.bg\/tr\/saint-nicola-konut-binasinda-ilk-kazma-varna-da-insaat-basladi\/\">\n\t\t\t\tSaint Nicola Konut Binas\u0131nda \u0130lk Kazma \u2013 Varna\u2019da \u0130n\u015faat Ba\u015flad\u0131 \n\t\t\t<\/a>\n\t\t<\/h2>\n\n\t\t<p>\n\t\t\t09.03 tarihinde yeni St Nicola projesinin resmi ba\u015flang\u0131c\u0131, t\u00f6ren niteli\u011finde ger\u00e7ekle\u015ftirilen temel atma seremonisi ile yap\u0131ld\u0131. Bu etkinlikle birlikte proje uygulaman\u0131n ger\u00e7ek a\u015famas\u0131na ge\u00e7iyor ve modern \u015fehir ya\u015fam\u0131na, kaliteli in\u015faata ve gelecekteki sakinlerin konforuna \u00f6nem verilerek tasarlanan yeni&#8230; \n\t\t<\/p>\n\n\t\t<span>12 Mart 2026<\/span>\n\t<\/div>\n<\/div><!-- \/.mga_post -->\n<div class=\"mga_post\">\n\t<a href=\"https:\/\/mgagroup.bg\/tr\/mga-group-pfc-cherno-more-u-destekliyor\/\">\n\t\t<img decoding=\"async\" src=\"https:\/\/mgagroup.bg\/wp-content\/uploads\/2026\/01\/cherno_more_best_frame-942x540.jpg\" alt=\"\" \/>\n\t<\/a>\n\n\t<div>\n\t\t<a href=\"https:\/\/mgagroup.bg\/tr\/company\/mga-group-tr\/\">MGA Group<\/a>\n\n\t\t<h2>\n\t\t\t<a href=\"https:\/\/mgagroup.bg\/tr\/mga-group-pfc-cherno-more-u-destekliyor\/\">\n\t\t\t\tMGA Group \u2013 PFC Cherno More\u2019u destekliyor \n\t\t\t<\/a>\n\t\t<\/h2>\n\n\t\t<p>\n\t\t\tMGA Group, insanlar\u0131 bir araya getiren, karakter geli\u015ftiren ve topluluk olu\u015fturan sporu desteklemektedir. Gururla belirtiriz ki MGA Group, PFC Cherno More\u2019u desteklemektedir \u2014 gelenekleri, ruhu ve sad\u0131k taraftarlar\u0131 olan bir kul\u00fcp. Deste\u011fimiz, \u015fehirde ve \u00f6tesinde kal\u0131c\u0131 bir etki&#8230; \n\t\t<\/p>\n\n\t\t<span>26 Ocak 2026<\/span>\n\t<\/div>\n<\/div><!-- \/.mga_post -->\n<div class=\"mga_post\">\n\t<a href=\"https:\/\/mgagroup.bg\/tr\/mga-group-varnada-yelken-sporunu\/\">\n\t\t<img decoding=\"async\" src=\"https:\/\/mgagroup.bg\/wp-content\/uploads\/2025\/09\/mga-regata-cup-1-960x540.jpeg\" alt=\"\" \/>\n\t<\/a>\n\n\t<div>\n\t\t<a href=\"https:\/\/mgagroup.bg\/tr\/company\/mga-group-tr\/\">MGA Group<\/a>\n\n\t\t<h2>\n\t\t\t<a href=\"https:\/\/mgagroup.bg\/tr\/mga-group-varnada-yelken-sporunu\/\">\n\t\t\t\tMGA Group, Varna\u2019da yelken sporunu destekliyor: \u00fc\u00e7 y\u0131ll\u0131k \u015fampiyonluk giri\u015fimi \n\t\t\t<\/a>\n\t\t<\/h2>\n\n\t\t<p>\n\t\t\tR\u00fczg\u00e2r, deniz ve spor ruhu \u2013 bunlar, MGA Group ile Varna\u2019daki yelken sporunu bir araya getiren \u00fc\u00e7 unsurdur. \u015eirket, en prestijli regattalarda yar\u0131\u015fan \u015fampiyon tekne White Pearl\u2019\u00fcn resmi sponsoru olarak Bulgar yelken sporunun yan\u0131nda yer al\u0131yor. \u015eampiyon ekiple&#8230; \n\t\t<\/p>\n\n\t\t<span>26 Eyl\u00fcl 2025<\/span>\n\t<\/div>\n<\/div><!-- \/.mga_post --> \n\t\t<\/div><!-- \/.grid --> \n\t<\/div><!-- \/.shell -->\n\n\t<div class=\"br\">\n\t\t<a href=\"https:\/\/mgagroup.bg\/tr\/blog\" class=\"btn btn-white\">Daha fazla g\u00f6r<\/a>\n\t<\/div><!-- \/.br -->\n<\/section><!-- \/.mga_last_news -->\n","protected":false},"excerpt":{"rendered":"","protected":false},"author":4,"featured_media":0,"parent":0,"menu_order":0,"comment_status":"closed","ping_status":"closed","template":"","meta":{"footnotes":""},"yst_prominent_words":[],"class_list":["post-9230","page","type-page","status-publish","hentry"],"acf":[],"_links":{"self":[{"href":"https:\/\/mgagroup.bg\/tr\/wp-json\/wp\/v2\/pages\/9230","targetHints":{"allow":["GET"]}}],"collection":[{"href":"https:\/\/mgagroup.bg\/tr\/wp-json\/wp\/v2\/pages"}],"about":[{"href":"https:\/\/mgagroup.bg\/tr\/wp-json\/wp\/v2\/types\/page"}],"author":[{"embeddable":true,"href":"https:\/\/mgagroup.bg\/tr\/wp-json\/wp\/v2\/users\/4"}],"replies":[{"embeddable":true,"href":"https:\/\/mgagroup.bg\/tr\/wp-json\/wp\/v2\/comments?post=9230"}],"version-history":[{"count":0,"href":"https:\/\/mgagroup.bg\/tr\/wp-json\/wp\/v2\/pages\/9230\/revisions"}],"wp:attachment":[{"href":"https:\/\/mgagroup.bg\/tr\/wp-json\/wp\/v2\/media?parent=9230"}],"wp:term":[{"taxonomy":"yst_prominent_words","embeddable":true,"href":"https:\/\/mgagroup.bg\/tr\/wp-json\/wp\/v2\/yst_prominent_words?post=9230"}],"curies":[{"name":"wp","href":"https:\/\/api.w.org\/{rel}","templated":true}]}}